{"id":853,"date":"2020-11-12T14:47:06","date_gmt":"2020-11-12T14:47:06","guid":{"rendered":"https:\/\/staging.trewknowledge.com\/greenfieldmeat\/?page_id=853"},"modified":"2024-01-12T04:36:31","modified_gmt":"2024-01-12T04:36:31","slug":"gestation-crate-free","status":"publish","type":"page","link":"https:\/\/greenfieldmeat.com\/fr\/gestation-crate-free\/","title":{"rendered":"GESTATION SANS CAGES"},"content":{"rendered":"\n<p><\/p>\n\n\n\n<div class=\"wp-block-cover alignfull\" style=\"min-height:279px;aspect-ratio:unset;\"><span aria-hidden=\"true\" class=\"wp-block-cover__background has-background-dim\"><\/span><img decoding=\"async\" width=\"1200\" height=\"780\" class=\"wp-block-cover__image-background wp-image-120\" alt=\"joyeux porcelet\" src=\"https:\/\/greenfieldmeat.com\/wp-content\/uploads\/2020\/10\/slider-background-min.png\" data-object-fit=\"cover\" srcset=\"https:\/\/greenfieldmeat.com\/fr\/wp-content\/uploads\/sites\/2\/2020\/10\/slider-background-min.png 1200w, https:\/\/greenfieldmeat.com\/fr\/wp-content\/uploads\/sites\/2\/2020\/10\/slider-background-min-300x195.png 300w, https:\/\/greenfieldmeat.com\/fr\/wp-content\/uploads\/sites\/2\/2020\/10\/slider-background-min-1024x666.png 1024w, https:\/\/greenfieldmeat.com\/fr\/wp-content\/uploads\/sites\/2\/2020\/10\/slider-background-min-768x499.png 768w\" sizes=\"(max-width: 1200px) 100vw, 1200px\" \/><div class=\"wp-block-cover__inner-container is-layout-flow wp-block-cover-is-layout-flow\">\n<h1 class=\"wp-block-heading has-text-align-center has-white-color has-text-color\">gestation sans cages<\/h1>\n<\/div><\/div>\n\n\n\n<div style=\"height:30px\" aria-hidden=\"true\" class=\"wp-block-spacer\"><\/div>\n\n\n\n<div class=\"wp-block-columns is-style-gap has-background is-layout-flex wp-container-core-columns-is-layout-1 wp-block-columns-is-layout-flex\" style=\"background-color:#254633\">\n<div class=\"wp-block-column is-layout-flow wp-block-column-is-layout-flow\" style=\"flex-basis:33.33%\">\n<figure class=\"wp-block-image size-large\"><img decoding=\"async\" width=\"914\" height=\"922\" src=\"https:\/\/greenfieldmeat.com\/fr\/wp-content\/uploads\/sites\/2\/2020\/11\/GCF-FRENCH.png\" alt=\"\" class=\"wp-image-1250\" srcset=\"https:\/\/b3412141.smushcdn.com\/3412141\/wp-content\/uploads\/sites\/2\/2020\/11\/GCF-FRENCH.png?lossy=1&amp;strip=1&amp;webp=1 914w, https:\/\/b3412141.smushcdn.com\/3412141\/wp-content\/uploads\/sites\/2\/2020\/11\/GCF-FRENCH-297x300.png?lossy=1&amp;strip=1&amp;webp=1 297w, https:\/\/b3412141.smushcdn.com\/3412141\/wp-content\/uploads\/sites\/2\/2020\/11\/GCF-FRENCH-150x150.png?lossy=1&amp;strip=1&amp;webp=1 150w, https:\/\/b3412141.smushcdn.com\/3412141\/wp-content\/uploads\/sites\/2\/2020\/11\/GCF-FRENCH-768x775.png?lossy=1&amp;strip=1&amp;webp=1 768w\" sizes=\"(max-width: 914px) 100vw, 914px\" \/><\/figure>\n<\/div>\n\n\n\n<div class=\"wp-block-column is-vertically-aligned-center is-layout-flow wp-block-column-is-layout-flow\" style=\"flex-basis:66.66%\">\n<p class=\"has-text-align-center has-text-color\" style=\"color:#ebe6d2\">Une cage de gestation est une stalle en m\u00e9tal o\u00f9 les truies (porcs gravides) sont gard\u00e9es pendant toute leur grossesse. Ces cages mesurent 7 pieds de longueur sur 2 pieds de largeur (14 pieds carr\u00e9s).<\/p>\n\n\n\n<p class=\"has-text-align-center has-text-color\" style=\"color:#ebe6d2\">Alors que les porcs \u00e9lev\u00e9s pour leur viande sont log\u00e9s dans des enclos ouverts, la pratique de l\u2019industrie a \u00e9t\u00e9 de confiner les truies dans des cages de gestation pendant toute leur vie reproductive. Chez Greenfield Natural Meat Co.\u00ae, nous nous sommes lanc\u00e9 le d\u00e9fi de faire mieux et nous avons fait des investissements dans la recherche et dans la nouvelle conception des porcheries afin de convertir toutes nos truies au logement libre pour les truies; nous sommes fiers d\u2019annoncer que chez nous, c\u2019est maintenant la Gestation sans cages!<\/p>\n<\/div>\n<\/div>\n\n\n\n<div style=\"height:74px\" aria-hidden=\"true\" class=\"wp-block-spacer\"><\/div>\n\n\n\n<h2 class=\"wp-block-heading has-text-align-center\">Jetez un coup d\u2019\u0153il \u00e0 notre porcherie de truies sans cages de gestation<\/h2>\n\n\n\n<figure class=\"wp-block-embed is-type-video is-provider-youtube wp-block-embed-youtube wp-embed-aspect-16-9 wp-has-aspect-ratio\"><div class=\"wp-block-embed__wrapper\">\n<iframe title=\"360 View  Explore a Sow Barn\" width=\"500\" height=\"281\" src=\"https:\/\/www.youtube.com\/embed\/HFQqIEjvBj4?feature=oembed\" frameborder=\"0\" allow=\"accelerometer; autoplay; clipboard-write; encrypted-media; gyroscope; picture-in-picture; web-share\" referrerpolicy=\"strict-origin-when-cross-origin\" allowfullscreen><\/iframe>\n<\/div><\/figure>\n\n\n\n<div style=\"height:54px\" aria-hidden=\"true\" class=\"wp-block-spacer\"><\/div>\n\n\n\n<h2 class=\"wp-block-heading has-text-align-center\"><strong>Les diff\u00e9rents types de syst\u00e8mes de logement de truies<\/strong><\/h2>\n\n\n\n<div class=\"wp-block-columns alignfull are-vertically-aligned-top is-style-divider is-layout-flex wp-container-core-columns-is-layout-2 wp-block-columns-is-layout-flex\">\n<div class=\"wp-block-column is-vertically-aligned-top is-layout-flow wp-block-column-is-layout-flow\">\n<h2 class=\"wp-block-heading has-text-align-center\"><strong>LOGEMENT DE TRUIES CLASSIQUE<\/strong><\/h2>\n\n\n<div class=\"wp-block-image\">\n<figure class=\"aligncenter size-large\"><img decoding=\"async\" width=\"464\" height=\"299\" src=\"https:\/\/greenfieldmeat.com\/wp-content\/uploads\/sites\/2\/2020\/11\/conventional.png\" alt=\"\" class=\"wp-image-877\" srcset=\"https:\/\/greenfieldmeat.com\/fr\/wp-content\/uploads\/sites\/2\/2020\/11\/conventional.png 464w, https:\/\/greenfieldmeat.com\/fr\/wp-content\/uploads\/sites\/2\/2020\/11\/conventional-300x193.png 300w\" sizes=\"(max-width: 464px) 100vw, 464px\" \/><\/figure><\/div>\n\n<div class=\"wp-block-image\">\n<figure class=\"aligncenter size-large\"><img decoding=\"async\" width=\"455\" height=\"184\" src=\"https:\/\/greenfieldmeat.com\/fr\/wp-content\/uploads\/sites\/2\/2020\/11\/DAYS-IN-FRENCH.png\" alt=\"\" class=\"wp-image-1159\" srcset=\"https:\/\/b3412141.smushcdn.com\/3412141\/wp-content\/uploads\/sites\/2\/2020\/11\/DAYS-IN-FRENCH.png?lossy=1&amp;strip=1&amp;webp=1 455w, https:\/\/b3412141.smushcdn.com\/3412141\/wp-content\/uploads\/sites\/2\/2020\/11\/DAYS-IN-FRENCH-300x121.png?lossy=1&amp;strip=1&amp;webp=1 300w\" sizes=\"(max-width: 455px) 100vw, 455px\" \/><\/figure><\/div>\n\n\n<p class=\"has-text-align-center has-text-color\" style=\"color:#254633\"><strong>Au Canada, la majorit\u00e9 des membres de l\u2019industrie utilisent ce genre de logement classique dans leurs syst\u00e8mes de reproduction.<\/strong><\/p>\n\n\n\n<p class=\"has-text-align-center has-text-color\" style=\"color:#254633\"><br>Dans un syst\u00e8me de logement classique, une truie&nbsp;:<\/p>\n\n\n\n<ul class=\"wp-block-list\">\n<li>Ne peut pas se retourner ou faire de l&rsquo;exercice<\/li>\n\n\n\n<li>Ne peut pas socialiser en groupes<\/li>\n\n\n\n<li>A une interaction limit\u00e9e avec les fournisseurs de soins<\/li>\n\n\n\n<li>Pourrait se blesser en raison du manque de mouvement<\/li>\n\n\n\n<li>Est confin\u00e9e pendant toute sa vie reproductive<\/li>\n<\/ul>\n<\/div>\n\n\n\n<div class=\"wp-block-column is-vertically-aligned-top is-layout-flow wp-block-column-is-layout-flow\">\n<h2 class=\"wp-block-heading has-text-align-center\"><strong>LOGEMENT DES TRUIES EN STABULATION LIBRE<\/strong><\/h2>\n\n\n<div class=\"wp-block-image\">\n<figure class=\"aligncenter size-large\"><img decoding=\"async\" width=\"471\" height=\"297\" src=\"https:\/\/greenfieldmeat.com\/wp-content\/uploads\/sites\/2\/2020\/11\/loose.png\" alt=\"\" class=\"wp-image-882\" srcset=\"https:\/\/greenfieldmeat.com\/fr\/wp-content\/uploads\/sites\/2\/2020\/11\/loose.png 471w, https:\/\/greenfieldmeat.com\/fr\/wp-content\/uploads\/sites\/2\/2020\/11\/loose-300x189.png 300w\" sizes=\"(max-width: 471px) 100vw, 471px\" \/><\/figure><\/div>\n\n<div class=\"wp-block-image\">\n<figure class=\"aligncenter size-large\"><img decoding=\"async\" width=\"455\" height=\"184\" src=\"https:\/\/greenfieldmeat.com\/fr\/wp-content\/uploads\/sites\/2\/2021\/05\/DAYS-2-IN-FR-V2-1.png\" alt=\"\" class=\"wp-image-1359\" srcset=\"https:\/\/b3412141.smushcdn.com\/3412141\/wp-content\/uploads\/sites\/2\/2021\/05\/DAYS-2-IN-FR-V2-1.png?lossy=1&amp;strip=1&amp;webp=1 455w, https:\/\/b3412141.smushcdn.com\/3412141\/wp-content\/uploads\/sites\/2\/2021\/05\/DAYS-2-IN-FR-V2-1-300x121.png?lossy=1&amp;strip=1&amp;webp=1 300w\" sizes=\"(max-width: 455px) 100vw, 455px\" \/><\/figure><\/div>\n\n\n<p class=\"has-text-align-center has-text-color\" style=\"color:#254633\"><strong>Un pourcentage de l\u2019industrie au Canada a adopt\u00e9 un syst\u00e8me qui offre davantage de mouvement aux truies durant la grossesse. Les truies demeurent dans des stalles jusqu&rsquo;\u00e0 ce que la grossesse soit confirm\u00e9e.<\/strong><\/p>\n\n\n\n<p class=\"has-text-align-center has-text-color\" style=\"color:#254633\">En stabulation libre pour les truies, une truie&nbsp;:<\/p>\n\n\n\n<ul class=\"wp-block-list\">\n<li>Est quand m\u00eame log\u00e9e dans une stalle pendant les \u00e9tapes de l\u2019allaitement et de l\u2019\u00e9levage, pour la s\u00e9curit\u00e9 des animaux et des fournisseurs de soins.<\/li>\n\n\n\n<li>A davantage de possibilit\u00e9 de faire de l\u2019exercice et de socialiser, par rapport aux cages de gestation traditionnelles<\/li>\n<\/ul>\n<\/div>\n\n\n\n<div class=\"wp-block-column is-vertically-aligned-top is-layout-flow wp-block-column-is-layout-flow\">\n<h2 class=\"wp-block-heading has-text-align-center\">GESTATION SANS CAGES<\/h2>\n\n\n\n<p><\/p>\n\n\n<div class=\"wp-block-image\">\n<figure class=\"aligncenter size-large is-resized\"><img decoding=\"async\" src=\"https:\/\/greenfieldmeat.com\/wp-content\/uploads\/sites\/2\/2020\/11\/cratefree.png\" alt=\"\" class=\"wp-image-890\" width=\"350\" height=\"300\" srcset=\"https:\/\/greenfieldmeat.com\/fr\/wp-content\/uploads\/sites\/2\/2020\/11\/cratefree.png 462w, https:\/\/greenfieldmeat.com\/fr\/wp-content\/uploads\/sites\/2\/2020\/11\/cratefree-300x257.png 300w\" sizes=\"(max-width: 350px) 100vw, 350px\" \/><\/figure><\/div>\n\n<div class=\"wp-block-image\">\n<figure class=\"aligncenter size-large\"><img decoding=\"async\" width=\"455\" height=\"184\" src=\"https:\/\/greenfieldmeat.com\/fr\/wp-content\/uploads\/sites\/2\/2021\/05\/DAYS3-V2.png\" alt=\"\" class=\"wp-image-1360\" srcset=\"https:\/\/b3412141.smushcdn.com\/3412141\/wp-content\/uploads\/sites\/2\/2021\/05\/DAYS3-V2.png?lossy=1&amp;strip=1&amp;webp=1 455w, https:\/\/b3412141.smushcdn.com\/3412141\/wp-content\/uploads\/sites\/2\/2021\/05\/DAYS3-V2-300x121.png?lossy=1&amp;strip=1&amp;webp=1 300w\" sizes=\"(max-width: 455px) 100vw, 455px\" \/><\/figure><\/div>\n\n\n<p class=\"has-text-align-center has-text-color\" style=\"color:#254633\"><strong>\u00c9galement qualifi\u00e9e de logement libre de pointe pour les truies, cette approche de Greenfield Natural Meat Co.\u00ae r\u00e9duit consid\u00e9rablement le temps qu\u2019une truie passe dans des stalles d\u2019\u00e9levage et lui offre le logement enti\u00e8rement libre durant la grossesse. Les truies peuvent se d\u00e9placer, s&rsquo;alimenter et socialiser avec les autres b\u00eates.<\/strong><\/p>\n\n\n\n<p class=\"has-text-align-center\">Dans le logement libre de pointe pour les truies, une truie&nbsp;:<\/p>\n\n\n\n<ul class=\"wp-block-list\">\n<li>Peut explorer librement les environs et avoir des interactions sociales avec les autres truies et ses fournisseurs de soins<\/li>\n\n\n\n<li>B\u00e9n\u00e9ficie d\u2019un bien-\u00eatre am\u00e9lior\u00e9, de pattes et d\u2019articulations en sant\u00e9<\/li>\n\n\n\n<li>Est aliment\u00e9e par un syst\u00e8me \u00e9lectronique d\u2019alimentation des truies qui assure une alimentation optimale pour chaque b\u00eate et r\u00e9duit le comportement agressif parmi les truies log\u00e9es en groupe<\/li>\n\n\n\n<li>Passe seulement 20 % de sa vie de reproductrice confin\u00e9e, uniquement durant les \u00e9tapes d\u2019\u00e9levage et d\u2019allaitement, pour la s\u00e9curit\u00e9 des animaux et des fournisseurs de soins<\/li>\n<\/ul>\n<\/div>\n<\/div>\n","protected":false},"excerpt":{"rendered":"<p>Une cage de gestation est une stalle en m\u00e9tal o\u00f9 les truies (porcs gravides) sont gard\u00e9es pendant toute leur grossesse. Ces cages mesurent 7 pieds de longueur sur 2 pieds de largeur (14 pieds carr\u00e9s). Alors que les porcs \u00e9lev\u00e9s pour leur viande sont log\u00e9s dans des enclos ouverts, la pratique de l\u2019industrie a \u00e9t\u00e9 [&hellip;]<\/p>\n","protected":false},"author":5,"featured_media":0,"parent":0,"menu_order":0,"comment_status":"closed","ping_status":"closed","template":"","meta":{"footnotes":""},"class_list":["post-853","page","type-page","status-publish","hentry"],"acf":[],"yoast_head":"<!-- This site is optimized with the Yoast SEO plugin v21.7 - https:\/\/yoast.com\/wordpress\/plugins\/seo\/ -->\n<title>GESTATION SANS CAGES - Greenfield Natural Meat Co.\u00ae<\/title>\n<meta name=\"robots\" content=\"index, follow, max-snippet:-1, max-image-preview:large, max-video-preview:-1\" \/>\n<link rel=\"canonical\" href=\"https:\/\/greenfieldmeat.com\/fr\/gestation-crate-free\/\" \/>\n<meta property=\"og:locale\" content=\"fr_FR\" \/>\n<meta property=\"og:type\" content=\"article\" \/>\n<meta property=\"og:title\" content=\"GESTATION SANS CAGES - Greenfield Natural Meat Co.\u00ae\" \/>\n<meta property=\"og:description\" content=\"Une cage de gestation est une stalle en m\u00e9tal o\u00f9 les truies (porcs gravides) sont gard\u00e9es pendant toute leur grossesse. Ces cages mesurent 7 pieds de longueur sur 2 pieds de largeur (14 pieds carr\u00e9s). Alors que les porcs \u00e9lev\u00e9s pour leur viande sont log\u00e9s dans des enclos ouverts, la pratique de l\u2019industrie a \u00e9t\u00e9 [&hellip;]\" \/>\n<meta property=\"og:url\" content=\"https:\/\/greenfieldmeat.com\/fr\/gestation-crate-free\/\" \/>\n<meta property=\"og:site_name\" content=\"Greenfield Natural Meat Co.\u00ae\" \/>\n<meta property=\"article:modified_time\" content=\"2024-01-12T04:36:31+00:00\" \/>\n<meta property=\"og:image\" content=\"https:\/\/greenfieldmeat.com\/wp-content\/uploads\/2020\/10\/slider-background-min.png\" \/>\n<meta name=\"twitter:card\" content=\"summary_large_image\" \/>\n<meta name=\"twitter:label1\" content=\"Dur\u00e9e de lecture estim\u00e9e\" \/>\n\t<meta name=\"twitter:data1\" content=\"4 minutes\" \/>\n<script type=\"application\/ld+json\" class=\"yoast-schema-graph\">{\"@context\":\"https:\/\/schema.org\",\"@graph\":[{\"@type\":\"WebPage\",\"@id\":\"https:\/\/greenfieldmeat.com\/fr\/gestation-crate-free\/\",\"url\":\"https:\/\/greenfieldmeat.com\/fr\/gestation-crate-free\/\",\"name\":\"GESTATION SANS CAGES - Greenfield Natural Meat Co.\u00ae\",\"isPartOf\":{\"@id\":\"https:\/\/greenfieldmeat.com\/fr\/#website\"},\"datePublished\":\"2020-11-12T14:47:06+00:00\",\"dateModified\":\"2024-01-12T04:36:31+00:00\",\"breadcrumb\":{\"@id\":\"https:\/\/greenfieldmeat.com\/fr\/gestation-crate-free\/#breadcrumb\"},\"inLanguage\":\"fr-FR\",\"potentialAction\":[{\"@type\":\"ReadAction\",\"target\":[\"https:\/\/greenfieldmeat.com\/fr\/gestation-crate-free\/\"]}]},{\"@type\":\"BreadcrumbList\",\"@id\":\"https:\/\/greenfieldmeat.com\/fr\/gestation-crate-free\/#breadcrumb\",\"itemListElement\":[{\"@type\":\"ListItem\",\"position\":1,\"name\":\"Home\",\"item\":\"https:\/\/greenfieldmeat.com\/fr\/\"},{\"@type\":\"ListItem\",\"position\":2,\"name\":\"GESTATION SANS CAGES\"}]},{\"@type\":\"WebSite\",\"@id\":\"https:\/\/greenfieldmeat.com\/fr\/#website\",\"url\":\"https:\/\/greenfieldmeat.com\/fr\/\",\"name\":\"Greenfield Natural Meat Co.\u00ae\",\"description\":\"\",\"publisher\":{\"@id\":\"https:\/\/greenfieldmeat.com\/fr\/#organization\"},\"potentialAction\":[{\"@type\":\"SearchAction\",\"target\":{\"@type\":\"EntryPoint\",\"urlTemplate\":\"https:\/\/greenfieldmeat.com\/fr\/?s={search_term_string}\"},\"query-input\":\"required name=search_term_string\"}],\"inLanguage\":\"fr-FR\"},{\"@type\":\"Organization\",\"@id\":\"https:\/\/greenfieldmeat.com\/fr\/#organization\",\"name\":\"Greenfield Natural Meat Co.\u00ae\",\"url\":\"https:\/\/greenfieldmeat.com\/fr\/\",\"logo\":{\"@type\":\"ImageObject\",\"inLanguage\":\"fr-FR\",\"@id\":\"https:\/\/greenfieldmeat.com\/fr\/#\/schema\/logo\/image\/\",\"url\":\"https:\/\/greenfieldmeat.com\/fr\/wp-content\/uploads\/sites\/2\/2020\/11\/CA_Greenfield-Logo_2clr_CAN.svg\",\"contentUrl\":\"https:\/\/greenfieldmeat.com\/fr\/wp-content\/uploads\/sites\/2\/2020\/11\/CA_Greenfield-Logo_2clr_CAN.svg\",\"width\":173,\"height\":58,\"caption\":\"Greenfield Natural Meat Co.\u00ae\"},\"image\":{\"@id\":\"https:\/\/greenfieldmeat.com\/fr\/#\/schema\/logo\/image\/\"}}]}<\/script>\n<!-- \/ Yoast SEO plugin. -->","yoast_head_json":{"title":"GESTATION SANS CAGES - Greenfield Natural Meat Co.\u00ae","robots":{"index":"index","follow":"follow","max-snippet":"max-snippet:-1","max-image-preview":"max-image-preview:large","max-video-preview":"max-video-preview:-1"},"canonical":"https:\/\/greenfieldmeat.com\/fr\/gestation-crate-free\/","og_locale":"fr_FR","og_type":"article","og_title":"GESTATION SANS CAGES - Greenfield Natural Meat Co.\u00ae","og_description":"Une cage de gestation est une stalle en m\u00e9tal o\u00f9 les truies (porcs gravides) sont gard\u00e9es pendant toute leur grossesse. Ces cages mesurent 7 pieds de longueur sur 2 pieds de largeur (14 pieds carr\u00e9s). Alors que les porcs \u00e9lev\u00e9s pour leur viande sont log\u00e9s dans des enclos ouverts, la pratique de l\u2019industrie a \u00e9t\u00e9 [&hellip;]","og_url":"https:\/\/greenfieldmeat.com\/fr\/gestation-crate-free\/","og_site_name":"Greenfield Natural Meat Co.\u00ae","article_modified_time":"2024-01-12T04:36:31+00:00","og_image":[{"url":"https:\/\/greenfieldmeat.com\/wp-content\/uploads\/2020\/10\/slider-background-min.png"}],"twitter_card":"summary_large_image","twitter_misc":{"Dur\u00e9e de lecture estim\u00e9e":"4 minutes"},"schema":{"@context":"https:\/\/schema.org","@graph":[{"@type":"WebPage","@id":"https:\/\/greenfieldmeat.com\/fr\/gestation-crate-free\/","url":"https:\/\/greenfieldmeat.com\/fr\/gestation-crate-free\/","name":"GESTATION SANS CAGES - Greenfield Natural Meat Co.\u00ae","isPartOf":{"@id":"https:\/\/greenfieldmeat.com\/fr\/#website"},"datePublished":"2020-11-12T14:47:06+00:00","dateModified":"2024-01-12T04:36:31+00:00","breadcrumb":{"@id":"https:\/\/greenfieldmeat.com\/fr\/gestation-crate-free\/#breadcrumb"},"inLanguage":"fr-FR","potentialAction":[{"@type":"ReadAction","target":["https:\/\/greenfieldmeat.com\/fr\/gestation-crate-free\/"]}]},{"@type":"BreadcrumbList","@id":"https:\/\/greenfieldmeat.com\/fr\/gestation-crate-free\/#breadcrumb","itemListElement":[{"@type":"ListItem","position":1,"name":"Home","item":"https:\/\/greenfieldmeat.com\/fr\/"},{"@type":"ListItem","position":2,"name":"GESTATION SANS CAGES"}]},{"@type":"WebSite","@id":"https:\/\/greenfieldmeat.com\/fr\/#website","url":"https:\/\/greenfieldmeat.com\/fr\/","name":"Greenfield Natural Meat Co.\u00ae","description":"","publisher":{"@id":"https:\/\/greenfieldmeat.com\/fr\/#organization"},"potentialAction":[{"@type":"SearchAction","target":{"@type":"EntryPoint","urlTemplate":"https:\/\/greenfieldmeat.com\/fr\/?s={search_term_string}"},"query-input":"required name=search_term_string"}],"inLanguage":"fr-FR"},{"@type":"Organization","@id":"https:\/\/greenfieldmeat.com\/fr\/#organization","name":"Greenfield Natural Meat Co.\u00ae","url":"https:\/\/greenfieldmeat.com\/fr\/","logo":{"@type":"ImageObject","inLanguage":"fr-FR","@id":"https:\/\/greenfieldmeat.com\/fr\/#\/schema\/logo\/image\/","url":"https:\/\/greenfieldmeat.com\/fr\/wp-content\/uploads\/sites\/2\/2020\/11\/CA_Greenfield-Logo_2clr_CAN.svg","contentUrl":"https:\/\/greenfieldmeat.com\/fr\/wp-content\/uploads\/sites\/2\/2020\/11\/CA_Greenfield-Logo_2clr_CAN.svg","width":173,"height":58,"caption":"Greenfield Natural Meat Co.\u00ae"},"image":{"@id":"https:\/\/greenfieldmeat.com\/fr\/#\/schema\/logo\/image\/"}}]}},"jetpack_sharing_enabled":true,"_links":{"self":[{"href":"https:\/\/greenfieldmeat.com\/fr\/wp-json\/wp\/v2\/pages\/853"}],"collection":[{"href":"https:\/\/greenfieldmeat.com\/fr\/wp-json\/wp\/v2\/pages"}],"about":[{"href":"https:\/\/greenfieldmeat.com\/fr\/wp-json\/wp\/v2\/types\/page"}],"author":[{"embeddable":true,"href":"https:\/\/greenfieldmeat.com\/fr\/wp-json\/wp\/v2\/users\/5"}],"replies":[{"embeddable":true,"href":"https:\/\/greenfieldmeat.com\/fr\/wp-json\/wp\/v2\/comments?post=853"}],"version-history":[{"count":51,"href":"https:\/\/greenfieldmeat.com\/fr\/wp-json\/wp\/v2\/pages\/853\/revisions"}],"predecessor-version":[{"id":1637,"href":"https:\/\/greenfieldmeat.com\/fr\/wp-json\/wp\/v2\/pages\/853\/revisions\/1637"}],"wp:attachment":[{"href":"https:\/\/greenfieldmeat.com\/fr\/wp-json\/wp\/v2\/media?parent=853"}],"curies":[{"name":"wp","href":"https:\/\/api.w.org\/{rel}","templated":true}]}}