{"id":703,"date":"2020-11-04T19:44:48","date_gmt":"2020-11-04T19:44:48","guid":{"rendered":"https:\/\/staging.trewknowledge.com\/greenfieldmeat\/?page_id=703"},"modified":"2023-04-13T14:04:00","modified_gmt":"2023-04-13T14:04:00","slug":"humanely-raised","status":"publish","type":"page","link":"https:\/\/greenfieldmeat.com\/fr\/humanely-raised\/","title":{"rendered":"\u00c9LEVAGE SANS CRUAUT\u00c9"},"content":{"rendered":"\n<p><\/p>\n\n\n\n<div class=\"wp-block-cover alignfull is-light\" style=\"min-height:316px;aspect-ratio:unset;\"><span aria-hidden=\"true\" class=\"wp-block-cover__gradient-background has-background-dim\"><\/span><img decoding=\"async\" width=\"2378\" height=\"1338\" class=\"wp-block-cover__image-background wp-image-551\" alt=\"\" src=\"https:\/\/greenfieldmeat.com\/wp-content\/uploads\/2020\/11\/p2.jpg\" style=\"object-position:31% 27%\" data-object-fit=\"cover\" data-object-position=\"31% 27%\" srcset=\"https:\/\/greenfieldmeat.com\/fr\/wp-content\/uploads\/sites\/2\/2020\/11\/p2.jpg 2378w, https:\/\/greenfieldmeat.com\/fr\/wp-content\/uploads\/sites\/2\/2020\/11\/p2-300x169.jpg 300w, https:\/\/greenfieldmeat.com\/fr\/wp-content\/uploads\/sites\/2\/2020\/11\/p2-1024x576.jpg 1024w, https:\/\/greenfieldmeat.com\/fr\/wp-content\/uploads\/sites\/2\/2020\/11\/p2-768x432.jpg 768w, https:\/\/greenfieldmeat.com\/fr\/wp-content\/uploads\/sites\/2\/2020\/11\/p2-1536x864.jpg 1536w, https:\/\/greenfieldmeat.com\/fr\/wp-content\/uploads\/sites\/2\/2020\/11\/p2-2048x1152.jpg 2048w\" sizes=\"(max-width: 2378px) 100vw, 2378px\" \/><div class=\"wp-block-cover__inner-container is-layout-flow wp-block-cover-is-layout-flow\">\n<h1 class=\"has-text-align-center has-white-color has-text-color wp-block-heading\">\u00c9LEVAGE SANS CRUAUT\u00c9<\/h1>\n\n\n\n<p><\/p>\n<\/div><\/div>\n\n\n\n<h2 class=\"has-text-align-center wp-block-heading\"><strong>Notre engagement \u00e0 l\u2019\u00e9gard du bien\u2011\u00eatre animal<\/strong><\/h2>\n\n\n\n<p>Greenfield Natural Meat Co.<sup>\u00ae<\/sup> est ancr\u00e9e dans de solides valeurs qui d\u00e9finissent profond\u00e9ment notre culture et ont un rapport tout \u00e0 fait direct avec la mani\u00e8re que nous traitons les animaux que nous \u00e9levons. L\u2019\u00e9levage sans cruaut\u00e9 de nos animaux est au c\u0153ur de ce que nous sommes.<\/p>\n\n\n\n<p>Nous nous effor\u00e7ons d\u2019\u00eatre un leader des soins des animaux en pr\u00e9conisant et en partageant des connaissances qui am\u00e9liorent les pratiques et la r\u00e9glementation dans l\u2019ensemble de l\u2019industrie. Nous sommes extr\u00eamement fiers de notre engagement \u00e0 l\u2019\u00e9gard de l\u2019am\u00e9lioration de nos pratiques de bien\u2011\u00eatre animal et nous d\u00e9ployons beaucoup d\u2019efforts afin de continuer \u00e0 apporter des am\u00e9liorations au bien\u2011\u00eatre de nos animaux.<\/p>\n\n\n\n<div style=\"height:20px\" aria-hidden=\"true\" class=\"wp-block-spacer\"><\/div>\n\n\n\n<div class=\"wp-block-group\"><div class=\"wp-block-group__inner-container is-layout-flow wp-block-group-is-layout-flow\">\n<h2 class=\"has-text-align-center wp-block-heading\"><strong>Que signifie l\u2019\u00e9levage sans cruaut\u00e9?<\/strong><\/h2>\n\n\n\n<p class=\"has-text-align-left\">\u00ab&nbsp;\u00c9lev\u00e9s sans cruaut\u00e9&nbsp;\u00bb signifie que nos animaux sont trait\u00e9s avec compassion et de mani\u00e8re responsable par nos \u00e9leveurs et nos employ\u00e9s. Notre pratique est fond\u00e9e sur le programme de salubrit\u00e9 des aliments et de bien-\u00eatre animal appel\u00e9 Excellence du porc canadien et PorcBIEN-\u00caTRE et le d\u00e9passe.<\/p>\n<\/div><\/div>\n\n\n\n<div style=\"height:20px\" aria-hidden=\"true\" class=\"wp-block-spacer\"><\/div>\n\n\n\n<h2 class=\"has-text-align-center wp-block-heading\">En quoi consiste l\u2019\u00e9levage humanitaire des animaux de Greenfield Natural Meat Co.\u00ae?<\/h2>\n\n\n\n<ul class=\"wp-block-list\"><li>Tous nos porcs sont \u00e9lev\u00e9s dans des enclos ouverts o\u00f9 ils peuvent se d\u00e9placer librement, dormir et socialiser avec les autres animaux.<\/li><li>Nous gardons les animaux au sein du m\u00eame groupe tout au long de leur vie afin de favoriser le comportement naturel et les relations sociales et minimiser l\u2019agressivit\u00e9.<\/li><li>Nous r\u00e9glons la temp\u00e9rature et la ventilation avec soin afin qu\u2019elle r\u00e9ponde aux exigences de chaque \u00e9tape de croissance. L\u2019environnement des porcheries fait l\u2019objet d\u2019une surveillance quotidienne afin de veiller au maintien de conditions acceptables.<\/li><li>Des syst\u00e8mes d\u2019alarme prot\u00e8gent la porcherie des changements brusques qui pourraient r\u00e9sulter de pannes de courant ou d\u2019\u00e9quipement. Si ces \u00e9v\u00e9nements se produisent, des g\u00e9n\u00e9ratrices auxiliaires maintiennent un environnement constant pour les animaux.<\/li><\/ul>\n\n\n\n<div style=\"height:20px\" aria-hidden=\"true\" class=\"wp-block-spacer\"><\/div>\n\n\n\n<div class=\"wp-block-columns is-style-divider has-background is-layout-flex wp-container-core-columns-is-layout-1 wp-block-columns-is-layout-flex\" style=\"background-color:#254633\">\n<div class=\"wp-block-column is-vertically-aligned-center is-layout-flow wp-block-column-is-layout-flow\" style=\"flex-basis:33.33%\">\n<h2 class=\"has-white-color has-text-color wp-block-heading\">NOTRE APPROCHE \u00c0 L&rsquo;\u00c9GARD DU BIEN-\u00caTRE ANIMAL<\/h2>\n<\/div>\n\n\n\n<div class=\"wp-block-column is-vertically-aligned-center is-layout-flow wp-block-column-is-layout-flow\" style=\"flex-basis:66.66%\">\n<p class=\"has-white-color has-text-color\">Les <strong><a rel=\"noreferrer noopener\" href=\"https:\/\/greenfieldmeat.com\/fr\/our-standards\/\" data-type=\"page\" data-id=\"23\" target=\"_blank\">Cinq besoins fondamentaux<\/a><\/strong>, une norme mondiale largement accept\u00e9e pour la prestation responsable de soins des animaux, constituent la base de nos normes en mati\u00e8re de soins des animaux. Nous allons au-del\u00e0 des Cinq besoins fondamentaux afin de mieux tenir compte de l&rsquo;\u00e9tat mental de nos animaux au moyen d&rsquo;une approche nomm\u00e9e les Cinq domaines. Notre objectif est d&rsquo;offrir une \u00ab vie qui vaut la peine d&rsquo;\u00eatre v\u00e9cue \u00bb \u00e0 nos animaux en leur fournissant des exp\u00e9riences positives et une bonne sant\u00e9 mentale.<\/p>\n<\/div>\n<\/div>\n\n\n\n<p><\/p>\n","protected":false},"excerpt":{"rendered":"<p>Notre engagement \u00e0 l\u2019\u00e9gard du bien\u2011\u00eatre animal Greenfield Natural Meat Co.\u00ae est ancr\u00e9e dans de solides valeurs qui d\u00e9finissent profond\u00e9ment notre culture et ont un rapport tout \u00e0 fait direct avec la mani\u00e8re que nous traitons les animaux que nous \u00e9levons. L\u2019\u00e9levage sans cruaut\u00e9 de nos animaux est au c\u0153ur de ce que nous sommes. [&hellip;]<\/p>\n","protected":false},"author":5,"featured_media":0,"parent":0,"menu_order":0,"comment_status":"closed","ping_status":"closed","template":"","meta":{"footnotes":""},"class_list":["post-703","page","type-page","status-publish","hentry"],"acf":[],"yoast_head":"<!-- This site is optimized with the Yoast SEO plugin v21.7 - https:\/\/yoast.com\/wordpress\/plugins\/seo\/ -->\n<title>\u00c9LEVAGE SANS CRUAUT\u00c9 - Greenfield Natural Meat Co.\u00ae<\/title>\n<meta name=\"robots\" content=\"index, follow, max-snippet:-1, max-image-preview:large, max-video-preview:-1\" \/>\n<link rel=\"canonical\" href=\"https:\/\/greenfieldmeat.com\/fr\/humanely-raised\/\" \/>\n<meta property=\"og:locale\" content=\"fr_FR\" \/>\n<meta property=\"og:type\" content=\"article\" \/>\n<meta property=\"og:title\" content=\"\u00c9LEVAGE SANS CRUAUT\u00c9 - Greenfield Natural Meat Co.\u00ae\" \/>\n<meta property=\"og:description\" content=\"Notre engagement \u00e0 l\u2019\u00e9gard du bien\u2011\u00eatre animal Greenfield Natural Meat Co.\u00ae est ancr\u00e9e dans de solides valeurs qui d\u00e9finissent profond\u00e9ment notre culture et ont un rapport tout \u00e0 fait direct avec la mani\u00e8re que nous traitons les animaux que nous \u00e9levons. L\u2019\u00e9levage sans cruaut\u00e9 de nos animaux est au c\u0153ur de ce que nous sommes. [&hellip;]\" \/>\n<meta property=\"og:url\" content=\"https:\/\/greenfieldmeat.com\/fr\/humanely-raised\/\" \/>\n<meta property=\"og:site_name\" content=\"Greenfield Natural Meat Co.\u00ae\" \/>\n<meta property=\"article:modified_time\" content=\"2023-04-13T14:04:00+00:00\" \/>\n<meta property=\"og:image\" content=\"https:\/\/greenfieldmeat.com\/wp-content\/uploads\/2020\/11\/p2.jpg\" \/>\n<meta name=\"twitter:card\" content=\"summary_large_image\" \/>\n<meta name=\"twitter:label1\" content=\"Dur\u00e9e de lecture estim\u00e9e\" \/>\n\t<meta name=\"twitter:data1\" content=\"3 minutes\" \/>\n<script type=\"application\/ld+json\" class=\"yoast-schema-graph\">{\"@context\":\"https:\/\/schema.org\",\"@graph\":[{\"@type\":\"WebPage\",\"@id\":\"https:\/\/greenfieldmeat.com\/fr\/humanely-raised\/\",\"url\":\"https:\/\/greenfieldmeat.com\/fr\/humanely-raised\/\",\"name\":\"\u00c9LEVAGE SANS CRUAUT\u00c9 - Greenfield Natural Meat Co.\u00ae\",\"isPartOf\":{\"@id\":\"https:\/\/greenfieldmeat.com\/fr\/#website\"},\"datePublished\":\"2020-11-04T19:44:48+00:00\",\"dateModified\":\"2023-04-13T14:04:00+00:00\",\"breadcrumb\":{\"@id\":\"https:\/\/greenfieldmeat.com\/fr\/humanely-raised\/#breadcrumb\"},\"inLanguage\":\"fr-FR\",\"potentialAction\":[{\"@type\":\"ReadAction\",\"target\":[\"https:\/\/greenfieldmeat.com\/fr\/humanely-raised\/\"]}]},{\"@type\":\"BreadcrumbList\",\"@id\":\"https:\/\/greenfieldmeat.com\/fr\/humanely-raised\/#breadcrumb\",\"itemListElement\":[{\"@type\":\"ListItem\",\"position\":1,\"name\":\"Home\",\"item\":\"https:\/\/greenfieldmeat.com\/fr\/\"},{\"@type\":\"ListItem\",\"position\":2,\"name\":\"\u00c9LEVAGE SANS CRUAUT\u00c9\"}]},{\"@type\":\"WebSite\",\"@id\":\"https:\/\/greenfieldmeat.com\/fr\/#website\",\"url\":\"https:\/\/greenfieldmeat.com\/fr\/\",\"name\":\"Greenfield Natural Meat Co.\u00ae\",\"description\":\"\",\"publisher\":{\"@id\":\"https:\/\/greenfieldmeat.com\/fr\/#organization\"},\"potentialAction\":[{\"@type\":\"SearchAction\",\"target\":{\"@type\":\"EntryPoint\",\"urlTemplate\":\"https:\/\/greenfieldmeat.com\/fr\/?s={search_term_string}\"},\"query-input\":\"required name=search_term_string\"}],\"inLanguage\":\"fr-FR\"},{\"@type\":\"Organization\",\"@id\":\"https:\/\/greenfieldmeat.com\/fr\/#organization\",\"name\":\"Greenfield Natural Meat Co.\u00ae\",\"url\":\"https:\/\/greenfieldmeat.com\/fr\/\",\"logo\":{\"@type\":\"ImageObject\",\"inLanguage\":\"fr-FR\",\"@id\":\"https:\/\/greenfieldmeat.com\/fr\/#\/schema\/logo\/image\/\",\"url\":\"https:\/\/greenfieldmeat.com\/fr\/wp-content\/uploads\/sites\/2\/2020\/11\/CA_Greenfield-Logo_2clr_CAN.svg\",\"contentUrl\":\"https:\/\/greenfieldmeat.com\/fr\/wp-content\/uploads\/sites\/2\/2020\/11\/CA_Greenfield-Logo_2clr_CAN.svg\",\"width\":173,\"height\":58,\"caption\":\"Greenfield Natural Meat Co.\u00ae\"},\"image\":{\"@id\":\"https:\/\/greenfieldmeat.com\/fr\/#\/schema\/logo\/image\/\"}}]}<\/script>\n<!-- \/ Yoast SEO plugin. -->","yoast_head_json":{"title":"\u00c9LEVAGE SANS CRUAUT\u00c9 - Greenfield Natural Meat Co.\u00ae","robots":{"index":"index","follow":"follow","max-snippet":"max-snippet:-1","max-image-preview":"max-image-preview:large","max-video-preview":"max-video-preview:-1"},"canonical":"https:\/\/greenfieldmeat.com\/fr\/humanely-raised\/","og_locale":"fr_FR","og_type":"article","og_title":"\u00c9LEVAGE SANS CRUAUT\u00c9 - Greenfield Natural Meat Co.\u00ae","og_description":"Notre engagement \u00e0 l\u2019\u00e9gard du bien\u2011\u00eatre animal Greenfield Natural Meat Co.\u00ae est ancr\u00e9e dans de solides valeurs qui d\u00e9finissent profond\u00e9ment notre culture et ont un rapport tout \u00e0 fait direct avec la mani\u00e8re que nous traitons les animaux que nous \u00e9levons. L\u2019\u00e9levage sans cruaut\u00e9 de nos animaux est au c\u0153ur de ce que nous sommes. [&hellip;]","og_url":"https:\/\/greenfieldmeat.com\/fr\/humanely-raised\/","og_site_name":"Greenfield Natural Meat Co.\u00ae","article_modified_time":"2023-04-13T14:04:00+00:00","og_image":[{"url":"https:\/\/greenfieldmeat.com\/wp-content\/uploads\/2020\/11\/p2.jpg"}],"twitter_card":"summary_large_image","twitter_misc":{"Dur\u00e9e de lecture estim\u00e9e":"3 minutes"},"schema":{"@context":"https:\/\/schema.org","@graph":[{"@type":"WebPage","@id":"https:\/\/greenfieldmeat.com\/fr\/humanely-raised\/","url":"https:\/\/greenfieldmeat.com\/fr\/humanely-raised\/","name":"\u00c9LEVAGE SANS CRUAUT\u00c9 - Greenfield Natural Meat Co.\u00ae","isPartOf":{"@id":"https:\/\/greenfieldmeat.com\/fr\/#website"},"datePublished":"2020-11-04T19:44:48+00:00","dateModified":"2023-04-13T14:04:00+00:00","breadcrumb":{"@id":"https:\/\/greenfieldmeat.com\/fr\/humanely-raised\/#breadcrumb"},"inLanguage":"fr-FR","potentialAction":[{"@type":"ReadAction","target":["https:\/\/greenfieldmeat.com\/fr\/humanely-raised\/"]}]},{"@type":"BreadcrumbList","@id":"https:\/\/greenfieldmeat.com\/fr\/humanely-raised\/#breadcrumb","itemListElement":[{"@type":"ListItem","position":1,"name":"Home","item":"https:\/\/greenfieldmeat.com\/fr\/"},{"@type":"ListItem","position":2,"name":"\u00c9LEVAGE SANS CRUAUT\u00c9"}]},{"@type":"WebSite","@id":"https:\/\/greenfieldmeat.com\/fr\/#website","url":"https:\/\/greenfieldmeat.com\/fr\/","name":"Greenfield Natural Meat Co.\u00ae","description":"","publisher":{"@id":"https:\/\/greenfieldmeat.com\/fr\/#organization"},"potentialAction":[{"@type":"SearchAction","target":{"@type":"EntryPoint","urlTemplate":"https:\/\/greenfieldmeat.com\/fr\/?s={search_term_string}"},"query-input":"required name=search_term_string"}],"inLanguage":"fr-FR"},{"@type":"Organization","@id":"https:\/\/greenfieldmeat.com\/fr\/#organization","name":"Greenfield Natural Meat Co.\u00ae","url":"https:\/\/greenfieldmeat.com\/fr\/","logo":{"@type":"ImageObject","inLanguage":"fr-FR","@id":"https:\/\/greenfieldmeat.com\/fr\/#\/schema\/logo\/image\/","url":"https:\/\/greenfieldmeat.com\/fr\/wp-content\/uploads\/sites\/2\/2020\/11\/CA_Greenfield-Logo_2clr_CAN.svg","contentUrl":"https:\/\/greenfieldmeat.com\/fr\/wp-content\/uploads\/sites\/2\/2020\/11\/CA_Greenfield-Logo_2clr_CAN.svg","width":173,"height":58,"caption":"Greenfield Natural Meat Co.\u00ae"},"image":{"@id":"https:\/\/greenfieldmeat.com\/fr\/#\/schema\/logo\/image\/"}}]}},"jetpack_sharing_enabled":true,"_links":{"self":[{"href":"https:\/\/greenfieldmeat.com\/fr\/wp-json\/wp\/v2\/pages\/703"}],"collection":[{"href":"https:\/\/greenfieldmeat.com\/fr\/wp-json\/wp\/v2\/pages"}],"about":[{"href":"https:\/\/greenfieldmeat.com\/fr\/wp-json\/wp\/v2\/types\/page"}],"author":[{"embeddable":true,"href":"https:\/\/greenfieldmeat.com\/fr\/wp-json\/wp\/v2\/users\/5"}],"replies":[{"embeddable":true,"href":"https:\/\/greenfieldmeat.com\/fr\/wp-json\/wp\/v2\/comments?post=703"}],"version-history":[{"count":83,"href":"https:\/\/greenfieldmeat.com\/fr\/wp-json\/wp\/v2\/pages\/703\/revisions"}],"predecessor-version":[{"id":1544,"href":"https:\/\/greenfieldmeat.com\/fr\/wp-json\/wp\/v2\/pages\/703\/revisions\/1544"}],"wp:attachment":[{"href":"https:\/\/greenfieldmeat.com\/fr\/wp-json\/wp\/v2\/media?parent=703"}],"curies":[{"name":"wp","href":"https:\/\/api.w.org\/{rel}","templated":true}]}}