{"id":48,"date":"2020-09-18T16:56:16","date_gmt":"2020-09-18T16:56:16","guid":{"rendered":"https:\/\/staging.trewknowledge.com\/greenfieldmeat\/?page_id=48"},"modified":"2023-07-20T16:50:48","modified_gmt":"2023-07-20T16:50:48","slug":"faq","status":"publish","type":"page","link":"https:\/\/greenfieldmeat.com\/fr\/faq\/","title":{"rendered":"FAQs"},"content":{"rendered":"\n<div style=\"height:20px\" aria-hidden=\"true\" class=\"wp-block-spacer\"><\/div>\n\n\n\n<h1 class=\"wp-block-heading has-text-align-center\">Faqs<\/h1>\n\n\n\t<section id=\"accordion-block_5f89e05018ddf\" class=\"accordion is-style-background-color\">\n\t\t<div class=\"accordion-item\">\n\t\t\t<div class=\"accordion-header \">\n\t\t\t\t<h2>En quoi Greenfield Natural Meat Co.\u00ae se distingue-t-elle?<\/h2>\n\t\t\t<\/div>\n\t\t\t<div class=\"accordion-content\">\n\t\t\t\t\n\n<p>Les produits Greenfield Natural Meat Co.\u00ae sont faits de viande provenant d\u2019animaux toujours \u00e9lev\u00e9s sans antibiotiques ou hormones. Les animaux de Greenfield Natural Meat Co.\u00ae b\u00e9n\u00e9ficient d\u2019une alimentation de grains v\u00e9g\u00e9taux \u00e0 100&nbsp;% et sont \u00e9lev\u00e9s au Canada. Tous nos porcs sont \u00e9lev\u00e9s dans des enclos ouverts o\u00f9 ils peuvent se d\u00e9placer librement, dormir et socialiser avec les autres animaux. <\/p>\n\n\n\n<p>Pour chaque animal, on \u00e9labore un programme de sant\u00e9 qui favorise leur bien-\u00eatre, leur sant\u00e9 et le diagnostic et le traitement rapide en cas de maladie. Cela comprend des protocoles de vaccination, la tenue rigoureuse des dossiers et une formation pour toutes les personnes qui s\u2019occupent des animaux. Cette formation englobe l\u2019introduction des nouveaux arrivants au troupeau, les soins \u00e0 apporter aux animaux malades ou bless\u00e9s et l\u2019euthanasie sans cruaut\u00e9 des animaux, le cas \u00e9ch\u00e9ant. Les v\u00e9t\u00e9rinaires jouent un r\u00f4le essentiel en aidant les \u00e9leveurs \u00e0 r\u00e9pondre \u00e0 ces exigences.<\/p>\n\n\n\n<p>Tous nos animaux font l\u2019objet d\u2019une v\u00e9rification et d\u2019une surveillance quotidienne exerc\u00e9e par le personnel form\u00e9 des porcheries afin de veiller \u00e0 ce que nos porcs soient en sant\u00e9 et qu\u2019ils ne soient pas bless\u00e9s. Des v\u00e9rificateurs internes sp\u00e9cialis\u00e9s effectuent des v\u00e9rifications hebdomadaires et mensuelles du bien-\u00eatre des animaux. Les probl\u00e8mes font imm\u00e9diatement l\u2019objet d\u2019un suivi. Un v\u00e9rificateur ind\u00e9pendant fait une v\u00e9rification annuelle de toutes les porcheries d\u2019o\u00f9 proviennent nos animaux. Nous travaillons uniquement avec des \u00e9leveurs qui se conforment \u00e0 toutes les exigences de la plus haute norme au Canada \u2013 le programme d\u2019\u00e9valuation du bien-\u00eatre animal du Conseil national pour les soins aux animaux d\u2019\u00e9levage<\/p>\n\n\n\n<div class=\"wp-block-buttons is-content-justification-center is-layout-flex wp-container-core-buttons-is-layout-1 wp-block-buttons-is-layout-flex\">\n<div class=\"wp-block-button\"><a class=\"wp-block-button__link wp-element-button\" href=\"https:\/\/greenfieldmeat.com\/fr\/our-standards\/\">APPRENEZ-EN DAVANTAGE SUR LA DIFF\u00c9RENCE CHEZ Greenfield Natural Meat Co.\u00ae<\/a><\/div>\n<\/div>\n\n\n\t\t\t<\/div>\n\t\t<\/div>\n\t<\/section>\n\n\n\t<section id=\"accordion-block_5f89e07f18de0\" class=\"accordion is-style-background-color\">\n\t\t<div class=\"accordion-item\">\n\t\t\t<div class=\"accordion-header \">\n\t\t\t\t<h2>Que signifie \u00ab \u00e9lev\u00e9s sans antibiotiques \u00bb?<\/h2>\n\t\t\t<\/div>\n\t\t\t<div class=\"accordion-content\">\n\t\t\t\t\n\n<p>Les animaux de Greenfield Natural Meat Co.\u00ae sont toujours \u00e9lev\u00e9s sans antibiotiques! Nos producteurs se conforment \u00e0 des normes de soins qui leur permettent d\u2019\u00e9lever des animaux en sant\u00e9 sans avoir recours \u00e0 l\u2019utilisation syst\u00e9matique d\u2019antibiotiques. Ces normes comprennent une formulation personnalis\u00e9e d\u2019aliments extr\u00eamement nutritifs qui favorisent une immunit\u00e9 naturelle, un \u00e9levage rigoureux et des pratiques de gestion des porcheries servant \u00e0 contr\u00f4ler la propagation des maladies et la surveillance continue de la sant\u00e9 du troupeau. Si un animal contracte une maladie qui n\u00e9cessite un antibiotique, il est trait\u00e9 et retir\u00e9 du programme de Greenfield Natural Meat Co.\u00ae.<\/p>\n\n\n\n<div class=\"wp-block-buttons is-content-justification-center is-layout-flex wp-container-core-buttons-is-layout-2 wp-block-buttons-is-layout-flex\">\n<div class=\"wp-block-button\"><a class=\"wp-block-button__link wp-element-button\" href=\"https:\/\/greenfieldmeat.com\/fr\/never-ever-antibiotics\/\">APPRENEZ-EN DAVANTAGE SUR NOTRE UTILISATION D\u2019ANTIBIOTIQUES<\/a><\/div>\n<\/div>\n\n\n\t\t\t<\/div>\n\t\t<\/div>\n\t<\/section>\n\n\n\t<section id=\"accordion-block_5f89e08218de1\" class=\"accordion is-style-background-color\">\n\t\t<div class=\"accordion-item\">\n\t\t\t<div class=\"accordion-header \">\n\t\t\t\t<h2>En quoi consiste l\u2019\u00e9levage humanitaire des animaux de Greenfield Natural Meat Co.\u00ae?<\/h2>\n\t\t\t<\/div>\n\t\t\t<div class=\"accordion-content\">\n\t\t\t\t\n\n<p>Tous nos porcs sont \u00e9lev\u00e9s dans des enclos ouverts o\u00f9 ils peuvent se d\u00e9placer librement, dormir et socialiser avec les autres animaux. Nous gardons les animaux au sein du m\u00eame groupe tout au long de leur vie afin de favoriser le comportement naturel et les relations sociales et minimiser l\u2019agressivit\u00e9. Nous convertissons \u00e9galement nos truies aux loges de gestation collectives et nous pr\u00e9voyons terminer enti\u00e8rement cette transition d\u2019ici la fin de 2021. Nous enrichissons \u00e9galement tous nos enclos afin d\u2019offrir une stimulation et de r\u00e9duire l\u2019ennui chez ces animaux intelligents.<\/p>\n\n\n\n<p>Les porcheries de Greenfield Natural Meat Co.\u00ae sont propres et sous temp\u00e9rature contr\u00f4l\u00e9e. Elles sont lav\u00e9es \u00e0 fond, d\u00e9sinfect\u00e9es et s\u00e9ch\u00e9es entre chaque lot de porcs afin que chaque nouveau groupe d\u2019animaux ait un environnement chaud et propre lorsqu\u2019il entre dans la porcherie. On r\u00e8gle la temp\u00e9rature et la ventilation avec soin afin qu\u2019elle r\u00e9ponde aux exigences de chaque \u00e9tape de croissance. L\u2019environnement des porcheries fait l\u2019objet d\u2019une surveillance quotidienne afin de veiller \u00e0 ce que les conditions ne soient pas modifi\u00e9es par la temp\u00e9rature de l\u2019ext\u00e9rieur ou la m\u00e9t\u00e9o. Des syst\u00e8mes d\u2019alarme prot\u00e8gent la porcherie des changements brusques qui pourraient r\u00e9sulter de pannes de courant ou d\u2019\u00e9quipement. Si ces \u00e9v\u00e9nements se produisent, des g\u00e9n\u00e9ratrices auxiliaires maintiennent un environnement constant pour les animaux.<\/p>\n\n\n\n<div class=\"wp-block-buttons is-content-justification-center is-layout-flex wp-container-core-buttons-is-layout-3 wp-block-buttons-is-layout-flex\">\n<div class=\"wp-block-button\"><a class=\"wp-block-button__link wp-element-button\" href=\"https:\/\/greenfieldmeat.com\/fr\/humanely-raised\/\">APPRENEZ-EN DAVANTAGE<\/a><\/div>\n<\/div>\n\n\n\t\t\t<\/div>\n\t\t<\/div>\n\t<\/section>\n\n\n\t<section id=\"accordion-block_5fa196978f7ce\" class=\"accordion is-style-background-color\">\n\t\t<div class=\"accordion-item\">\n\t\t\t<div class=\"accordion-header \">\n\t\t\t\t<h2>QUE SIGNIFIE \u00ab LA GESTATION SANS CAGES \u00bb?<\/h2>\n\t\t\t<\/div>\n\t\t\t<div class=\"accordion-content\">\n\t\t\t\t\n\n<p>La gestation sans cages est une sorte de syst\u00e8me de logement pour les truies enceintes qu\u2019on appelle aussi logement libre de pointe pour les truies. Nos truies passent toute leur grossesse dans un syst\u00e8me d\u2019enclos ouverts o\u00f9 elles peuvent circuler, jouer et socialiser librement.<\/p>\n\n\n\n<div class=\"wp-block-buttons is-content-justification-center is-layout-flex wp-container-core-buttons-is-layout-4 wp-block-buttons-is-layout-flex\">\n<div class=\"wp-block-button\"><a class=\"wp-block-button__link wp-element-button\" href=\"https:\/\/greenfieldmeat.com\/fr\/gestation-crate-free\/\">APPRENEZ-EN DAVANTAGE<\/a><\/div>\n<\/div>\n\n\n\t\t\t<\/div>\n\t\t<\/div>\n\t<\/section>\n\n\n\t<section id=\"accordion-block_5fa196b48f7cf\" class=\"accordion is-style-background-color\">\n\t\t<div class=\"accordion-item\">\n\t\t\t<div class=\"accordion-header \">\n\t\t\t\t<h2>QUE SIGNIFIE \u00caTRE UNE ENTREPRISE CARBONEUTRE?<\/h2>\n\t\t\t<\/div>\n\t\t\t<div class=\"accordion-content\">\n\t\t\t\t\n\n<p>Peu importe le secteur de notre entreprise, nous \u00e9vitons les activit\u00e9s qui cr\u00e9ent beaucoup d\u2019\u00e9missions de gaz \u00e0 effet de serre (GES). Une fois que nous nous sommes efforc\u00e9s d\u2019\u00e9viter, de r\u00e9duire ou de remplacer l\u00e0 o\u00f9 nous le pouvons, nous compensons les \u00e9missions restantes.<\/p>\n\n\n\n<div class=\"wp-block-buttons is-content-justification-center is-layout-flex wp-container-core-buttons-is-layout-5 wp-block-buttons-is-layout-flex\">\n<div class=\"wp-block-button\"><a class=\"wp-block-button__link wp-element-button\" href=\"https:\/\/greenfieldmeat.com\/fr\/proudly-carbon-neutral\/\">APPRENEZ-EN DAVANTAGE SUR NOTRE CARBONAUTRALIT\u00c9<\/a><\/div>\n<\/div>\n\n\n\t\t\t<\/div>\n\t\t<\/div>\n\t<\/section>\n\n\n\t<section id=\"accordion-block_5fa196c48f7d0\" class=\"accordion is-style-background-color\">\n\t\t<div class=\"accordion-item\">\n\t\t\t<div class=\"accordion-header \">\n\t\t\t\t<h2>QUE SIGNIFIE GREENCIRCLE CERTIFIED?<\/h2>\n\t\t\t<\/div>\n\t\t\t<div class=\"accordion-content\">\n\t\t\t\t\n\n<p>Nous travaillons avec l\u2019initiative&nbsp;<em>GreenCircle Certified<\/em>, une tierce partie ind\u00e9pendante qui v\u00e9rifie toutes nos all\u00e9gations, afin de veiller \u00e0 ce que nous ne nous en contentions jamais.<\/p>\n\n\n\n<div class=\"wp-block-buttons is-content-justification-center is-layout-flex wp-container-core-buttons-is-layout-6 wp-block-buttons-is-layout-flex\">\n<div class=\"wp-block-button\"><a class=\"wp-block-button__link wp-element-button\" href=\"https:\/\/greenfieldmeat.com\/fr\/greencircle-certified\/\">APPRENEZ-EN DAVANTAGE SUR NOTRE certification<\/a><\/div>\n<\/div>\n\n\n\t\t\t<\/div>\n\t\t<\/div>\n\t<\/section>\n\n\n\t<section id=\"accordion-block_5fa1974fa1d38\" class=\"accordion is-style-background-color\">\n\t\t<div class=\"accordion-item\">\n\t\t\t<div class=\"accordion-header \">\n\t\t\t\t<h2>Comment alimentez-vous vos animaux?<\/h2>\n\t\t\t<\/div>\n\t\t\t<div class=\"accordion-content\">\n\t\t\t\t\n\n<p>Nos animaux ont tous facilement acc\u00e8s \u00e0 de l\u2019eau potable fra\u00eeche en tout temps. Ils re\u00e7oivent une alimentation personnalis\u00e9e v\u00e9g\u00e9tarienne \u00e0 100&nbsp;% qui se compose de c\u00e9r\u00e9ales de grains entiers. Chaque animal consomme un r\u00e9gime \u00e9quilibr\u00e9 en fonction de l\u2019\u00e9tape de son cycle de vie et de ses besoins nutritionnels. Dans plusieurs de nos porcheries, des dispositifs d\u2019alimentation \u00e9lectroniques donnent \u00e0 chaque animal le choix de manger ce qu\u2019il veut lorsqu\u2019il le veut et ce, jusqu\u2019\u00e0 un maximum quotidien. Tout comme les personnes, ils s\u2019alimentent de fa\u00e7on diff\u00e9rente et ils ont des pr\u00e9f\u00e9rences.<\/p>\n\n\n\t\t\t<\/div>\n\t\t<\/div>\n\t<\/section>\n\n\n\t<section id=\"accordion-block_5fa1976aa1d39\" class=\"accordion is-style-background-color\">\n\t\t<div class=\"accordion-item\">\n\t\t\t<div class=\"accordion-header \">\n\t\t\t\t<h2>Que signifie \u00ab durable \u00bb?<\/h2>\n\t\t\t<\/div>\n\t\t\t<div class=\"accordion-content\">\n\t\t\t\t\n\n<p>Nous nous pr\u00e9occupons s\u00e9rieusement de notre impact environnemental. Pour nous, la production de viande durable signifie de produire nos produits en r\u00e9duisant de mani\u00e8re mesurable notre consommation d\u2019\u00e9nergie, nos \u00e9missions de gaz \u00e0 effet de serre, notre impact sur la quantit\u00e9 et la qualit\u00e9 de l\u2019eau et le gaspillage. Nous avons des mesures en cours touchant \u00e0 chacun de ces domaines afin de r\u00e9duire notre impact. Nous savons \u00e9galement que la production de viande laisse une empreinte environnementale et que les niveaux de consommation de viande de l\u2019Am\u00e9rique du Nord ne sont pas durables \u00e0 l\u2019\u00e9chelle de la plan\u00e8te. Par cons\u00e9quent, la production de viande durable signifie \u00e9galement la consommation mod\u00e9r\u00e9e de viande dans le cadre d\u2019un r\u00e9gime \u00e9quilibr\u00e9.<\/p>\n\n\n\t\t\t<\/div>\n\t\t<\/div>\n\t<\/section>\n\n\n\t<section id=\"accordion-block_5fa19784a1d3a\" class=\"accordion is-style-background-color\">\n\t\t<div class=\"accordion-item\">\n\t\t\t<div class=\"accordion-header \">\n\t\t\t\t<h2>LES PRODUITS DE GREENFIELD NATURAL MEAT CO.\u00ae SONT-ILS SANS GLUTEN?<\/h2>\n\t\t\t<\/div>\n\t\t\t<div class=\"accordion-content\">\n\t\t\t\t\n\n<p>Alors que la plupart de nos produits sont sans gluten, il y a des exceptions. Veuillez consulter nos produits pour obtenir de plus amples renseignements.<\/p>\n\n\n\n<div class=\"wp-block-buttons is-content-justification-center is-layout-flex wp-container-core-buttons-is-layout-7 wp-block-buttons-is-layout-flex\">\n<div class=\"wp-block-button\"><a class=\"wp-block-button__link wp-element-button\" href=\"https:\/\/greenfieldmeat.com\/fr\/products\/\">Voir tous les produits<\/a><\/div>\n<\/div>\n\n\n\t\t\t<\/div>\n\t\t<\/div>\n\t<\/section>\n\n\n\n<div class=\"wp-block-group alignfull section-padding faq-form has-background\" style=\"background-color:#f3f1e6\"><div class=\"wp-block-group__inner-container is-layout-flow wp-block-group-is-layout-flow\"><\/div><\/div>\n\n\n\n<h2 class=\"wp-block-heading contact-header has-background\" style=\"background-color:#f3f1e6\">contactez-nous<\/h2>\n\n\n\n<div class=\"wp-block-group section-padding has-background\" style=\"background-color:#254635\"><div class=\"wp-block-group__inner-container is-layout-flow wp-block-group-is-layout-flow\">\n<h2 class=\"wp-block-heading has-text-align-center has-text-color\" style=\"color:#e7d77d\">Greenfield Natural Meat Co.\u00ae<\/h2>\n\n\n\n<p class=\"has-text-align-center has-white-color has-text-color\">246 Main Street, Landmark, MB R0A 0X0, Canada<\/p>\n<\/div><\/div>\n\n\n\n<div style=\"height:20px\" aria-hidden=\"true\" class=\"wp-block-spacer\"><\/div>\n\n\n\n<div style=\"height:50px\" aria-hidden=\"true\" class=\"wp-block-spacer\"><\/div>\n","protected":false},"excerpt":{"rendered":"<p>Faqs contactez-nous Greenfield Natural Meat Co.\u00ae 246 Main Street, Landmark, MB R0A 0X0, Canada<\/p>\n","protected":false},"author":3,"featured_media":0,"parent":0,"menu_order":0,"comment_status":"closed","ping_status":"closed","template":"","meta":{"footnotes":""},"class_list":["post-48","page","type-page","status-publish","hentry"],"acf":[],"yoast_head":"<!-- This site is optimized with the Yoast SEO plugin v21.7 - https:\/\/yoast.com\/wordpress\/plugins\/seo\/ -->\n<title>FAQs - Greenfield Natural Meat Co.\u00ae<\/title>\n<meta name=\"robots\" content=\"index, follow, max-snippet:-1, max-image-preview:large, max-video-preview:-1\" \/>\n<link rel=\"canonical\" href=\"https:\/\/greenfieldmeat.com\/fr\/faq\/\" \/>\n<meta property=\"og:locale\" content=\"fr_FR\" \/>\n<meta property=\"og:type\" content=\"article\" \/>\n<meta property=\"og:title\" content=\"FAQs - Greenfield Natural Meat Co.\u00ae\" \/>\n<meta property=\"og:description\" content=\"Faqs contactez-nous Greenfield Natural Meat Co.\u00ae 246 Main Street, Landmark, MB R0A 0X0, Canada\" \/>\n<meta property=\"og:url\" content=\"https:\/\/greenfieldmeat.com\/fr\/faq\/\" \/>\n<meta property=\"og:site_name\" content=\"Greenfield Natural Meat Co.\u00ae\" \/>\n<meta property=\"article:modified_time\" content=\"2023-07-20T16:50:48+00:00\" \/>\n<meta name=\"twitter:card\" content=\"summary_large_image\" \/>\n<meta name=\"twitter:label1\" content=\"Dur\u00e9e de lecture estim\u00e9e\" \/>\n\t<meta name=\"twitter:data1\" content=\"5 minutes\" \/>\n<script type=\"application\/ld+json\" class=\"yoast-schema-graph\">{\"@context\":\"https:\/\/schema.org\",\"@graph\":[{\"@type\":\"WebPage\",\"@id\":\"https:\/\/greenfieldmeat.com\/fr\/faq\/\",\"url\":\"https:\/\/greenfieldmeat.com\/fr\/faq\/\",\"name\":\"FAQs - Greenfield Natural Meat Co.\u00ae\",\"isPartOf\":{\"@id\":\"https:\/\/greenfieldmeat.com\/fr\/#website\"},\"datePublished\":\"2020-09-18T16:56:16+00:00\",\"dateModified\":\"2023-07-20T16:50:48+00:00\",\"breadcrumb\":{\"@id\":\"https:\/\/greenfieldmeat.com\/fr\/faq\/#breadcrumb\"},\"inLanguage\":\"fr-FR\",\"potentialAction\":[{\"@type\":\"ReadAction\",\"target\":[\"https:\/\/greenfieldmeat.com\/fr\/faq\/\"]}]},{\"@type\":\"BreadcrumbList\",\"@id\":\"https:\/\/greenfieldmeat.com\/fr\/faq\/#breadcrumb\",\"itemListElement\":[{\"@type\":\"ListItem\",\"position\":1,\"name\":\"Home\",\"item\":\"https:\/\/greenfieldmeat.com\/fr\/\"},{\"@type\":\"ListItem\",\"position\":2,\"name\":\"FAQs\"}]},{\"@type\":\"WebSite\",\"@id\":\"https:\/\/greenfieldmeat.com\/fr\/#website\",\"url\":\"https:\/\/greenfieldmeat.com\/fr\/\",\"name\":\"Greenfield Natural Meat Co.\u00ae\",\"description\":\"\",\"publisher\":{\"@id\":\"https:\/\/greenfieldmeat.com\/fr\/#organization\"},\"potentialAction\":[{\"@type\":\"SearchAction\",\"target\":{\"@type\":\"EntryPoint\",\"urlTemplate\":\"https:\/\/greenfieldmeat.com\/fr\/?s={search_term_string}\"},\"query-input\":\"required name=search_term_string\"}],\"inLanguage\":\"fr-FR\"},{\"@type\":\"Organization\",\"@id\":\"https:\/\/greenfieldmeat.com\/fr\/#organization\",\"name\":\"Greenfield Natural Meat Co.\u00ae\",\"url\":\"https:\/\/greenfieldmeat.com\/fr\/\",\"logo\":{\"@type\":\"ImageObject\",\"inLanguage\":\"fr-FR\",\"@id\":\"https:\/\/greenfieldmeat.com\/fr\/#\/schema\/logo\/image\/\",\"url\":\"https:\/\/greenfieldmeat.com\/fr\/wp-content\/uploads\/sites\/2\/2020\/11\/CA_Greenfield-Logo_2clr_CAN.svg\",\"contentUrl\":\"https:\/\/greenfieldmeat.com\/fr\/wp-content\/uploads\/sites\/2\/2020\/11\/CA_Greenfield-Logo_2clr_CAN.svg\",\"width\":173,\"height\":58,\"caption\":\"Greenfield Natural Meat Co.\u00ae\"},\"image\":{\"@id\":\"https:\/\/greenfieldmeat.com\/fr\/#\/schema\/logo\/image\/\"}}]}<\/script>\n<!-- \/ Yoast SEO plugin. -->","yoast_head_json":{"title":"FAQs - Greenfield Natural Meat Co.\u00ae","robots":{"index":"index","follow":"follow","max-snippet":"max-snippet:-1","max-image-preview":"max-image-preview:large","max-video-preview":"max-video-preview:-1"},"canonical":"https:\/\/greenfieldmeat.com\/fr\/faq\/","og_locale":"fr_FR","og_type":"article","og_title":"FAQs - Greenfield Natural Meat Co.\u00ae","og_description":"Faqs contactez-nous Greenfield Natural Meat Co.\u00ae 246 Main Street, Landmark, MB R0A 0X0, Canada","og_url":"https:\/\/greenfieldmeat.com\/fr\/faq\/","og_site_name":"Greenfield Natural Meat Co.\u00ae","article_modified_time":"2023-07-20T16:50:48+00:00","twitter_card":"summary_large_image","twitter_misc":{"Dur\u00e9e de lecture estim\u00e9e":"5 minutes"},"schema":{"@context":"https:\/\/schema.org","@graph":[{"@type":"WebPage","@id":"https:\/\/greenfieldmeat.com\/fr\/faq\/","url":"https:\/\/greenfieldmeat.com\/fr\/faq\/","name":"FAQs - Greenfield Natural Meat Co.\u00ae","isPartOf":{"@id":"https:\/\/greenfieldmeat.com\/fr\/#website"},"datePublished":"2020-09-18T16:56:16+00:00","dateModified":"2023-07-20T16:50:48+00:00","breadcrumb":{"@id":"https:\/\/greenfieldmeat.com\/fr\/faq\/#breadcrumb"},"inLanguage":"fr-FR","potentialAction":[{"@type":"ReadAction","target":["https:\/\/greenfieldmeat.com\/fr\/faq\/"]}]},{"@type":"BreadcrumbList","@id":"https:\/\/greenfieldmeat.com\/fr\/faq\/#breadcrumb","itemListElement":[{"@type":"ListItem","position":1,"name":"Home","item":"https:\/\/greenfieldmeat.com\/fr\/"},{"@type":"ListItem","position":2,"name":"FAQs"}]},{"@type":"WebSite","@id":"https:\/\/greenfieldmeat.com\/fr\/#website","url":"https:\/\/greenfieldmeat.com\/fr\/","name":"Greenfield Natural Meat Co.\u00ae","description":"","publisher":{"@id":"https:\/\/greenfieldmeat.com\/fr\/#organization"},"potentialAction":[{"@type":"SearchAction","target":{"@type":"EntryPoint","urlTemplate":"https:\/\/greenfieldmeat.com\/fr\/?s={search_term_string}"},"query-input":"required name=search_term_string"}],"inLanguage":"fr-FR"},{"@type":"Organization","@id":"https:\/\/greenfieldmeat.com\/fr\/#organization","name":"Greenfield Natural Meat Co.\u00ae","url":"https:\/\/greenfieldmeat.com\/fr\/","logo":{"@type":"ImageObject","inLanguage":"fr-FR","@id":"https:\/\/greenfieldmeat.com\/fr\/#\/schema\/logo\/image\/","url":"https:\/\/greenfieldmeat.com\/fr\/wp-content\/uploads\/sites\/2\/2020\/11\/CA_Greenfield-Logo_2clr_CAN.svg","contentUrl":"https:\/\/greenfieldmeat.com\/fr\/wp-content\/uploads\/sites\/2\/2020\/11\/CA_Greenfield-Logo_2clr_CAN.svg","width":173,"height":58,"caption":"Greenfield Natural Meat Co.\u00ae"},"image":{"@id":"https:\/\/greenfieldmeat.com\/fr\/#\/schema\/logo\/image\/"}}]}},"jetpack_sharing_enabled":true,"_links":{"self":[{"href":"https:\/\/greenfieldmeat.com\/fr\/wp-json\/wp\/v2\/pages\/48"}],"collection":[{"href":"https:\/\/greenfieldmeat.com\/fr\/wp-json\/wp\/v2\/pages"}],"about":[{"href":"https:\/\/greenfieldmeat.com\/fr\/wp-json\/wp\/v2\/types\/page"}],"author":[{"embeddable":true,"href":"https:\/\/greenfieldmeat.com\/fr\/wp-json\/wp\/v2\/users\/3"}],"replies":[{"embeddable":true,"href":"https:\/\/greenfieldmeat.com\/fr\/wp-json\/wp\/v2\/comments?post=48"}],"version-history":[{"count":49,"href":"https:\/\/greenfieldmeat.com\/fr\/wp-json\/wp\/v2\/pages\/48\/revisions"}],"predecessor-version":[{"id":1683,"href":"https:\/\/greenfieldmeat.com\/fr\/wp-json\/wp\/v2\/pages\/48\/revisions\/1683"}],"wp:attachment":[{"href":"https:\/\/greenfieldmeat.com\/fr\/wp-json\/wp\/v2\/media?parent=48"}],"curies":[{"name":"wp","href":"https:\/\/api.w.org\/{rel}","templated":true}]}}