{"id":458,"date":"2020-11-03T19:00:53","date_gmt":"2020-11-03T19:00:53","guid":{"rendered":"https:\/\/staging.trewknowledge.com\/greenfieldmeat\/?page_id=458"},"modified":"2025-05-23T19:24:25","modified_gmt":"2025-05-23T19:24:25","slug":"proudly-carbon-neutral","status":"publish","type":"page","link":"https:\/\/greenfieldmeat.com\/fr\/proudly-carbon-neutral\/","title":{"rendered":"CARBONEUTRALIT\u00c9"},"content":{"rendered":"\n<p><\/p>\n\n\n\n<div class=\"wp-block-cover alignfull is-light\" style=\"min-height:386px;aspect-ratio:unset;\"><span aria-hidden=\"true\" class=\"wp-block-cover__background has-background-dim-30 has-background-dim\"><\/span><img decoding=\"async\" width=\"2560\" height=\"1706\" class=\"wp-block-cover__image-background wp-image-538\" alt=\"\" src=\"https:\/\/greenfieldmeat.com\/wp-content\/uploads\/2020\/11\/wind2-scaled.jpg\" style=\"object-position:31% 19%\" data-object-fit=\"cover\" data-object-position=\"31% 19%\" srcset=\"https:\/\/greenfieldmeat.com\/fr\/wp-content\/uploads\/sites\/2\/2020\/11\/wind2-scaled.jpg 2560w, https:\/\/greenfieldmeat.com\/fr\/wp-content\/uploads\/sites\/2\/2020\/11\/wind2-300x200.jpg 300w, https:\/\/greenfieldmeat.com\/fr\/wp-content\/uploads\/sites\/2\/2020\/11\/wind2-1024x682.jpg 1024w, https:\/\/greenfieldmeat.com\/fr\/wp-content\/uploads\/sites\/2\/2020\/11\/wind2-768x512.jpg 768w, https:\/\/greenfieldmeat.com\/fr\/wp-content\/uploads\/sites\/2\/2020\/11\/wind2-1536x1024.jpg 1536w, https:\/\/greenfieldmeat.com\/fr\/wp-content\/uploads\/sites\/2\/2020\/11\/wind2-2048x1365.jpg 2048w\" sizes=\"(max-width: 2560px) 100vw, 2560px\" \/><div class=\"wp-block-cover__inner-container is-layout-flow wp-block-cover-is-layout-flow\">\n<h1 class=\"wp-block-heading has-text-align-center has-white-color has-text-color\">FIERS D&rsquo;\u00caTRE CARBONEUTRES<\/h1>\n\n\n\n<p><\/p>\n<\/div><\/div>\n\n\n\n<div style=\"height:70px\" aria-hidden=\"true\" class=\"wp-block-spacer\"><\/div>\n\n\n\n<div class=\"wp-block-columns is-style-gapless is-layout-flex wp-container-core-columns-is-layout-1 wp-block-columns-is-layout-flex\">\n<div class=\"wp-block-column is-layout-flow wp-block-column-is-layout-flow\">\n<p class=\"has-text-align-center\" style=\"font-size:21px\">Greenfield Natural Meat Co.\u00ae est <a href=\"https:\/\/www.mapleleaffoods.com\/fr\/nos-engagements\/environnement\/carboneutre\/\">carboneutre<\/a> depuis 2019 et s\u2019est engag\u00e9e \u00e0 r\u00e9duire son empreinte carbone de 30 % d\u2019ici 2030 (par rapport \u00e0 l\u2019ann\u00e9e de r\u00e9f\u00e9rence 2018).<\/p>\n\n\n\n<p class=\"has-text-align-center\" style=\"font-size:21px\">Les mesures que nous prenons se r\u00e9partissent dans quatre cat\u00e9gories : <strong>\u00e9viter, r\u00e9duire, remplacer et compenser.<\/strong><\/p>\n<\/div>\n\n\n\n<div class=\"wp-block-column is-layout-flow wp-block-column-is-layout-flow\">\n<figure class=\"wp-block-image size-large\"><img decoding=\"async\" width=\"542\" height=\"174\" src=\"https:\/\/greenfieldmeat.com\/wp-content\/uploads\/sites\/2\/2020\/11\/GF_Carbon_Zero_Log-1.png\" alt=\"\" class=\"wp-image-480\" srcset=\"https:\/\/greenfieldmeat.com\/fr\/wp-content\/uploads\/sites\/2\/2020\/11\/GF_Carbon_Zero_Log-1.png 542w, https:\/\/greenfieldmeat.com\/fr\/wp-content\/uploads\/sites\/2\/2020\/11\/GF_Carbon_Zero_Log-1-300x96.png 300w\" sizes=\"(max-width: 542px) 100vw, 542px\" \/><\/figure>\n<\/div>\n<\/div>\n\n\n\n<div class=\"wp-block-columns is-layout-flex wp-container-core-columns-is-layout-2 wp-block-columns-is-layout-flex\">\n<div class=\"wp-block-column is-layout-flow wp-block-column-is-layout-flow\">\n<p class=\"has-text-align-center\">Peu importe le secteur de notre entreprise, nous nous effor\u00e7ons d\u2019\u00e9viter, de r\u00e9duire ou de remplacer les activit\u00e9s qui g\u00e9n\u00e8rent des \u00e9missions de gaz \u00e0 effet de serre (GES). Nous nous sommes \u00e9galement fix\u00e9 des objectifs fond\u00e9s sur la science approuv\u00e9s par l\u2019initiative Science Based Targets (SBTi) afin de r\u00e9duire nos \u00e9missions absolues de GES des champs d\u2019application 1 et 2 de 30 % d\u2019ici 2030 (par rapport \u00e0 l\u2019ann\u00e9e de r\u00e9f\u00e9rence 2018), de m\u00eame que l\u2019intensit\u00e9 (par tonne de produit fabriqu\u00e9) de nos \u00e9missions de GES du champ d\u2019application 3 de 30 % d\u2019ici 2030 (par rapport \u00e0 l\u2019ann\u00e9e de r\u00e9f\u00e9rence 2018). Une fois que nous avons fait tout ce qui est possible, nous compensons les \u00e9missions r\u00e9siduelles in\u00e9vitables. Pour ce faire, nous investissons dans des projets v\u00e9rifiables de grande qualit\u00e9 dans l\u2019ensemble de l\u2019Am\u00e9rique du Nord, ax\u00e9s sur la foresterie, la biomasse, la gestion des gaz des sites d\u2019enfouissement, l\u2019\u00e9nergie renouvelable et le compostage.<\/p>\n\n\n\n<p class=\"has-text-align-center has-normal-font-size\">.<\/p>\n<\/div>\n<\/div>\n\n\n\n<div class=\"wp-block-buttons is-content-justification-center is-layout-flex wp-container-core-buttons-is-layout-1 wp-block-buttons-is-layout-flex\">\n<div class=\"wp-block-button\"><a class=\"wp-block-button__link wp-element-button\" href=\"https:\/\/www.mapleleaffoods.com\/fr\/nos-engagements\/environnement\/carboneutre\/\" target=\"_blank\" rel=\"noreferrer noopener\">Voulez-vous des renseignements plus approfondis?&nbsp;<\/a><\/div>\n<\/div>\n","protected":false},"excerpt":{"rendered":"<p>Greenfield Natural Meat Co.\u00ae est carboneutre depuis 2019 et s\u2019est engag\u00e9e \u00e0 r\u00e9duire son empreinte carbone de 30 % d\u2019ici 2030 (par rapport \u00e0 l\u2019ann\u00e9e de r\u00e9f\u00e9rence 2018). Les mesures que nous prenons se r\u00e9partissent dans quatre cat\u00e9gories : \u00e9viter, r\u00e9duire, remplacer et compenser. Peu importe le secteur de notre entreprise, nous nous effor\u00e7ons d\u2019\u00e9viter, [&hellip;]<\/p>\n","protected":false},"author":5,"featured_media":0,"parent":0,"menu_order":0,"comment_status":"closed","ping_status":"closed","template":"","meta":{"footnotes":""},"class_list":["post-458","page","type-page","status-publish","hentry"],"acf":[],"yoast_head":"<!-- This site is optimized with the Yoast SEO plugin v21.7 - https:\/\/yoast.com\/wordpress\/plugins\/seo\/ -->\n<title>CARBONEUTRALIT\u00c9 - Greenfield Natural Meat Co.\u00ae<\/title>\n<meta name=\"robots\" content=\"index, follow, max-snippet:-1, max-image-preview:large, max-video-preview:-1\" \/>\n<link rel=\"canonical\" href=\"https:\/\/greenfieldmeat.com\/fr\/proudly-carbon-neutral\/\" \/>\n<meta property=\"og:locale\" content=\"fr_FR\" \/>\n<meta property=\"og:type\" content=\"article\" \/>\n<meta property=\"og:title\" content=\"CARBONEUTRALIT\u00c9 - Greenfield Natural Meat Co.\u00ae\" \/>\n<meta property=\"og:description\" content=\"Greenfield Natural Meat Co.\u00ae est carboneutre depuis 2019 et s\u2019est engag\u00e9e \u00e0 r\u00e9duire son empreinte carbone de 30 % d\u2019ici 2030 (par rapport \u00e0 l\u2019ann\u00e9e de r\u00e9f\u00e9rence 2018). Les mesures que nous prenons se r\u00e9partissent dans quatre cat\u00e9gories : \u00e9viter, r\u00e9duire, remplacer et compenser. Peu importe le secteur de notre entreprise, nous nous effor\u00e7ons d\u2019\u00e9viter, [&hellip;]\" \/>\n<meta property=\"og:url\" content=\"https:\/\/greenfieldmeat.com\/fr\/proudly-carbon-neutral\/\" \/>\n<meta property=\"og:site_name\" content=\"Greenfield Natural Meat Co.\u00ae\" \/>\n<meta property=\"article:modified_time\" content=\"2025-05-23T19:24:25+00:00\" \/>\n<meta property=\"og:image\" content=\"https:\/\/greenfieldmeat.com\/wp-content\/uploads\/2020\/11\/wind2-scaled.jpg\" \/>\n<meta name=\"twitter:card\" content=\"summary_large_image\" \/>\n<meta name=\"twitter:label1\" content=\"Dur\u00e9e de lecture estim\u00e9e\" \/>\n\t<meta name=\"twitter:data1\" content=\"2 minutes\" \/>\n<script type=\"application\/ld+json\" class=\"yoast-schema-graph\">{\"@context\":\"https:\/\/schema.org\",\"@graph\":[{\"@type\":\"WebPage\",\"@id\":\"https:\/\/greenfieldmeat.com\/fr\/proudly-carbon-neutral\/\",\"url\":\"https:\/\/greenfieldmeat.com\/fr\/proudly-carbon-neutral\/\",\"name\":\"CARBONEUTRALIT\u00c9 - Greenfield Natural Meat Co.\u00ae\",\"isPartOf\":{\"@id\":\"https:\/\/greenfieldmeat.com\/fr\/#website\"},\"datePublished\":\"2020-11-03T19:00:53+00:00\",\"dateModified\":\"2025-05-23T19:24:25+00:00\",\"breadcrumb\":{\"@id\":\"https:\/\/greenfieldmeat.com\/fr\/proudly-carbon-neutral\/#breadcrumb\"},\"inLanguage\":\"fr-FR\",\"potentialAction\":[{\"@type\":\"ReadAction\",\"target\":[\"https:\/\/greenfieldmeat.com\/fr\/proudly-carbon-neutral\/\"]}]},{\"@type\":\"BreadcrumbList\",\"@id\":\"https:\/\/greenfieldmeat.com\/fr\/proudly-carbon-neutral\/#breadcrumb\",\"itemListElement\":[{\"@type\":\"ListItem\",\"position\":1,\"name\":\"Home\",\"item\":\"https:\/\/greenfieldmeat.com\/fr\/\"},{\"@type\":\"ListItem\",\"position\":2,\"name\":\"CARBONEUTRALIT\u00c9\"}]},{\"@type\":\"WebSite\",\"@id\":\"https:\/\/greenfieldmeat.com\/fr\/#website\",\"url\":\"https:\/\/greenfieldmeat.com\/fr\/\",\"name\":\"Greenfield Natural Meat Co.\u00ae\",\"description\":\"\",\"publisher\":{\"@id\":\"https:\/\/greenfieldmeat.com\/fr\/#organization\"},\"potentialAction\":[{\"@type\":\"SearchAction\",\"target\":{\"@type\":\"EntryPoint\",\"urlTemplate\":\"https:\/\/greenfieldmeat.com\/fr\/?s={search_term_string}\"},\"query-input\":\"required name=search_term_string\"}],\"inLanguage\":\"fr-FR\"},{\"@type\":\"Organization\",\"@id\":\"https:\/\/greenfieldmeat.com\/fr\/#organization\",\"name\":\"Greenfield Natural Meat Co.\u00ae\",\"url\":\"https:\/\/greenfieldmeat.com\/fr\/\",\"logo\":{\"@type\":\"ImageObject\",\"inLanguage\":\"fr-FR\",\"@id\":\"https:\/\/greenfieldmeat.com\/fr\/#\/schema\/logo\/image\/\",\"url\":\"https:\/\/greenfieldmeat.com\/fr\/wp-content\/uploads\/sites\/2\/2020\/11\/CA_Greenfield-Logo_2clr_CAN.svg\",\"contentUrl\":\"https:\/\/greenfieldmeat.com\/fr\/wp-content\/uploads\/sites\/2\/2020\/11\/CA_Greenfield-Logo_2clr_CAN.svg\",\"width\":173,\"height\":58,\"caption\":\"Greenfield Natural Meat Co.\u00ae\"},\"image\":{\"@id\":\"https:\/\/greenfieldmeat.com\/fr\/#\/schema\/logo\/image\/\"}}]}<\/script>\n<!-- \/ Yoast SEO plugin. -->","yoast_head_json":{"title":"CARBONEUTRALIT\u00c9 - Greenfield Natural Meat Co.\u00ae","robots":{"index":"index","follow":"follow","max-snippet":"max-snippet:-1","max-image-preview":"max-image-preview:large","max-video-preview":"max-video-preview:-1"},"canonical":"https:\/\/greenfieldmeat.com\/fr\/proudly-carbon-neutral\/","og_locale":"fr_FR","og_type":"article","og_title":"CARBONEUTRALIT\u00c9 - Greenfield Natural Meat Co.\u00ae","og_description":"Greenfield Natural Meat Co.\u00ae est carboneutre depuis 2019 et s\u2019est engag\u00e9e \u00e0 r\u00e9duire son empreinte carbone de 30 % d\u2019ici 2030 (par rapport \u00e0 l\u2019ann\u00e9e de r\u00e9f\u00e9rence 2018). Les mesures que nous prenons se r\u00e9partissent dans quatre cat\u00e9gories : \u00e9viter, r\u00e9duire, remplacer et compenser. Peu importe le secteur de notre entreprise, nous nous effor\u00e7ons d\u2019\u00e9viter, [&hellip;]","og_url":"https:\/\/greenfieldmeat.com\/fr\/proudly-carbon-neutral\/","og_site_name":"Greenfield Natural Meat Co.\u00ae","article_modified_time":"2025-05-23T19:24:25+00:00","og_image":[{"url":"https:\/\/greenfieldmeat.com\/wp-content\/uploads\/2020\/11\/wind2-scaled.jpg"}],"twitter_card":"summary_large_image","twitter_misc":{"Dur\u00e9e de lecture estim\u00e9e":"2 minutes"},"schema":{"@context":"https:\/\/schema.org","@graph":[{"@type":"WebPage","@id":"https:\/\/greenfieldmeat.com\/fr\/proudly-carbon-neutral\/","url":"https:\/\/greenfieldmeat.com\/fr\/proudly-carbon-neutral\/","name":"CARBONEUTRALIT\u00c9 - Greenfield Natural Meat Co.\u00ae","isPartOf":{"@id":"https:\/\/greenfieldmeat.com\/fr\/#website"},"datePublished":"2020-11-03T19:00:53+00:00","dateModified":"2025-05-23T19:24:25+00:00","breadcrumb":{"@id":"https:\/\/greenfieldmeat.com\/fr\/proudly-carbon-neutral\/#breadcrumb"},"inLanguage":"fr-FR","potentialAction":[{"@type":"ReadAction","target":["https:\/\/greenfieldmeat.com\/fr\/proudly-carbon-neutral\/"]}]},{"@type":"BreadcrumbList","@id":"https:\/\/greenfieldmeat.com\/fr\/proudly-carbon-neutral\/#breadcrumb","itemListElement":[{"@type":"ListItem","position":1,"name":"Home","item":"https:\/\/greenfieldmeat.com\/fr\/"},{"@type":"ListItem","position":2,"name":"CARBONEUTRALIT\u00c9"}]},{"@type":"WebSite","@id":"https:\/\/greenfieldmeat.com\/fr\/#website","url":"https:\/\/greenfieldmeat.com\/fr\/","name":"Greenfield Natural Meat Co.\u00ae","description":"","publisher":{"@id":"https:\/\/greenfieldmeat.com\/fr\/#organization"},"potentialAction":[{"@type":"SearchAction","target":{"@type":"EntryPoint","urlTemplate":"https:\/\/greenfieldmeat.com\/fr\/?s={search_term_string}"},"query-input":"required name=search_term_string"}],"inLanguage":"fr-FR"},{"@type":"Organization","@id":"https:\/\/greenfieldmeat.com\/fr\/#organization","name":"Greenfield Natural Meat Co.\u00ae","url":"https:\/\/greenfieldmeat.com\/fr\/","logo":{"@type":"ImageObject","inLanguage":"fr-FR","@id":"https:\/\/greenfieldmeat.com\/fr\/#\/schema\/logo\/image\/","url":"https:\/\/greenfieldmeat.com\/fr\/wp-content\/uploads\/sites\/2\/2020\/11\/CA_Greenfield-Logo_2clr_CAN.svg","contentUrl":"https:\/\/greenfieldmeat.com\/fr\/wp-content\/uploads\/sites\/2\/2020\/11\/CA_Greenfield-Logo_2clr_CAN.svg","width":173,"height":58,"caption":"Greenfield Natural Meat Co.\u00ae"},"image":{"@id":"https:\/\/greenfieldmeat.com\/fr\/#\/schema\/logo\/image\/"}}]}},"jetpack_sharing_enabled":true,"_links":{"self":[{"href":"https:\/\/greenfieldmeat.com\/fr\/wp-json\/wp\/v2\/pages\/458"}],"collection":[{"href":"https:\/\/greenfieldmeat.com\/fr\/wp-json\/wp\/v2\/pages"}],"about":[{"href":"https:\/\/greenfieldmeat.com\/fr\/wp-json\/wp\/v2\/types\/page"}],"author":[{"embeddable":true,"href":"https:\/\/greenfieldmeat.com\/fr\/wp-json\/wp\/v2\/users\/5"}],"replies":[{"embeddable":true,"href":"https:\/\/greenfieldmeat.com\/fr\/wp-json\/wp\/v2\/comments?post=458"}],"version-history":[{"count":36,"href":"https:\/\/greenfieldmeat.com\/fr\/wp-json\/wp\/v2\/pages\/458\/revisions"}],"predecessor-version":[{"id":1689,"href":"https:\/\/greenfieldmeat.com\/fr\/wp-json\/wp\/v2\/pages\/458\/revisions\/1689"}],"wp:attachment":[{"href":"https:\/\/greenfieldmeat.com\/fr\/wp-json\/wp\/v2\/media?parent=458"}],"curies":[{"name":"wp","href":"https:\/\/api.w.org\/{rel}","templated":true}]}}