{"id":445,"date":"2020-11-03T18:24:33","date_gmt":"2020-11-03T18:24:33","guid":{"rendered":"https:\/\/staging.trewknowledge.com\/greenfieldmeat\/?page_id=445"},"modified":"2023-04-13T14:07:12","modified_gmt":"2023-04-13T14:07:12","slug":"greencircle-certified","status":"publish","type":"page","link":"https:\/\/greenfieldmeat.com\/fr\/greencircle-certified\/","title":{"rendered":"V\u00c9RIFICATION PAR DES TIERS"},"content":{"rendered":"\n<p><\/p>\n\n\n\n<div class=\"wp-block-cover alignfull\" style=\"min-height:254px;aspect-ratio:unset;\"><span aria-hidden=\"true\" class=\"wp-block-cover__gradient-background has-background-dim\"><\/span><img decoding=\"async\" width=\"1200\" height=\"780\" class=\"wp-block-cover__image-background wp-image-120\" src=\"https:\/\/greenfieldmeat.com\/wp-content\/uploads\/2020\/10\/slider-background-min.png\" data-object-fit=\"cover\" srcset=\"https:\/\/greenfieldmeat.com\/fr\/wp-content\/uploads\/sites\/2\/2020\/10\/slider-background-min.png 1200w, https:\/\/greenfieldmeat.com\/fr\/wp-content\/uploads\/sites\/2\/2020\/10\/slider-background-min-300x195.png 300w, https:\/\/greenfieldmeat.com\/fr\/wp-content\/uploads\/sites\/2\/2020\/10\/slider-background-min-1024x666.png 1024w, https:\/\/greenfieldmeat.com\/fr\/wp-content\/uploads\/sites\/2\/2020\/10\/slider-background-min-768x499.png 768w\" sizes=\"(max-width: 1200px) 100vw, 1200px\" \/><div class=\"wp-block-cover__inner-container is-layout-flow wp-block-cover-is-layout-flow\">\n<h2 class=\"has-text-align-center has-white-color has-text-color wp-block-heading\">V\u00c9RIFICATION PAR DES TIERS<\/h2>\n\n\n\n<p><\/p>\n<\/div><\/div>\n\n\n\n<div class=\"wp-block-columns is-layout-flex wp-container-core-columns-is-layout-1 wp-block-columns-is-layout-flex\">\n<div class=\"wp-block-column is-layout-flow wp-block-column-is-layout-flow\">\n<p>Greenfield Natural Meat Co.\u00ae a choisi de travailler avec l\u2019initiative <strong><a href=\"https:\/\/www.greencirclecertified.com\/brands-you-can-trust\">GreenCircle Certified<\/a><\/strong>, une entreprise tierce partie ind\u00e9pendante qui fait la v\u00e9rification de toutes nos all\u00e9gations et nos \u00e9tablissements, parce que nous croyons en la transparence et l\u2019int\u00e9grit\u00e9.<\/p>\n\n\n\n<p><em>GreenCircle Certified<\/em> effectue des examens approfondis de nos \u00e9tablissements et nos pratiques. Elle v\u00e9rifie notre installation de surveillance par vid\u00e9o \u00e0 distance de nos \u00e9tablissements qui permet aux tiers de prendre, au hasard, des \u00e9chantillons des activit\u00e9s aux fins de v\u00e9rification. Ces pratiques, y compris les v\u00e9rifications ind\u00e9pendantes, nous permettent de veiller \u00e0 ce que nos animaux soient trait\u00e9s de mani\u00e8re appropri\u00e9e et \u00e0 maintenir nos normes \u00e9lev\u00e9es afin d\u2019apporter une meilleure viande&nbsp; aux familles de l\u2019ensemble de l\u2019Am\u00e9rique du Nord.<\/p>\n<\/div>\n\n\n\n<div class=\"wp-block-column is-vertically-aligned-top is-layout-flow wp-block-column-is-layout-flow\">\n<div class=\"wp-block-image\"><figure class=\"aligncenter size-large is-resized\"><img decoding=\"async\" src=\"https:\/\/greenfieldmeat.com\/fr\/wp-content\/uploads\/sites\/2\/2020\/11\/MLF_GCc_F_vector_2cSP-1.png\" alt=\"\" class=\"wp-image-1230\" width=\"380\" height=\"380\" srcset=\"https:\/\/b3412141.smushcdn.com\/3412141\/wp-content\/uploads\/sites\/2\/2020\/11\/MLF_GCc_F_vector_2cSP-1.png?lossy=1&amp;strip=1&amp;webp=1 601w, https:\/\/b3412141.smushcdn.com\/3412141\/wp-content\/uploads\/sites\/2\/2020\/11\/MLF_GCc_F_vector_2cSP-1-300x300.png?lossy=1&amp;strip=1&amp;webp=1 300w, https:\/\/b3412141.smushcdn.com\/3412141\/wp-content\/uploads\/sites\/2\/2020\/11\/MLF_GCc_F_vector_2cSP-1-150x150.png?lossy=1&amp;strip=1&amp;webp=1 150w\" sizes=\"(max-width: 380px) 100vw, 380px\" \/><\/figure><\/div>\n<\/div>\n<\/div>\n\n\n\n<div class=\"wp-block-image\"><figure class=\"aligncenter size-large\"><img decoding=\"async\" width=\"926\" height=\"383\" src=\"https:\/\/greenfieldmeat.com\/fr\/wp-content\/uploads\/sites\/2\/2020\/11\/french-gcc.png\" alt=\"\" class=\"wp-image-1169\" srcset=\"https:\/\/b3412141.smushcdn.com\/3412141\/wp-content\/uploads\/sites\/2\/2020\/11\/french-gcc.png?lossy=1&amp;strip=1&amp;webp=1 926w, https:\/\/b3412141.smushcdn.com\/3412141\/wp-content\/uploads\/sites\/2\/2020\/11\/french-gcc-300x124.png?lossy=1&amp;strip=1&amp;webp=1 300w, https:\/\/b3412141.smushcdn.com\/3412141\/wp-content\/uploads\/sites\/2\/2020\/11\/french-gcc-768x318.png?lossy=1&amp;strip=1&amp;webp=1 768w\" sizes=\"(max-width: 926px) 100vw, 926px\" \/><\/figure><\/div>\n\n\n\n<div class=\"wp-block-buttons is-content-justification-center is-layout-flex wp-container-core-buttons-is-layout-1 wp-block-buttons-is-layout-flex\">\n<div class=\"wp-block-button long-text\"><a class=\"wp-block-button__link\" href=\"https:\/\/www.greencirclecertified.com\/greenfield-natural-meat-co\" target=\"_blank\" rel=\"noreferrer noopener\">Cliquez pour voir notre rapport Certified Sustainability Facts (Information sur la certification en durabilit\u00e9)<\/a><\/div>\n<\/div>\n\n\n\n<p><\/p>\n","protected":false},"excerpt":{"rendered":"<p>Greenfield Natural Meat Co.\u00ae a choisi de travailler avec l\u2019initiative GreenCircle Certified, une entreprise tierce partie ind\u00e9pendante qui fait la v\u00e9rification de toutes nos all\u00e9gations et nos \u00e9tablissements, parce que nous croyons en la transparence et l\u2019int\u00e9grit\u00e9. GreenCircle Certified effectue des examens approfondis de nos \u00e9tablissements et nos pratiques. Elle v\u00e9rifie notre installation de surveillance [&hellip;]<\/p>\n","protected":false},"author":5,"featured_media":0,"parent":0,"menu_order":0,"comment_status":"closed","ping_status":"closed","template":"","meta":{"footnotes":""},"class_list":["post-445","page","type-page","status-publish","hentry"],"acf":[],"yoast_head":"<!-- This site is optimized with the Yoast SEO plugin v21.7 - https:\/\/yoast.com\/wordpress\/plugins\/seo\/ -->\n<title>V\u00c9RIFICATION PAR DES TIERS - Greenfield Natural Meat Co.\u00ae<\/title>\n<meta name=\"robots\" content=\"index, follow, max-snippet:-1, max-image-preview:large, max-video-preview:-1\" \/>\n<link rel=\"canonical\" href=\"https:\/\/greenfieldmeat.com\/fr\/greencircle-certified\/\" \/>\n<meta property=\"og:locale\" content=\"fr_FR\" \/>\n<meta property=\"og:type\" content=\"article\" \/>\n<meta property=\"og:title\" content=\"V\u00c9RIFICATION PAR DES TIERS - Greenfield Natural Meat Co.\u00ae\" \/>\n<meta property=\"og:description\" content=\"Greenfield Natural Meat Co.\u00ae a choisi de travailler avec l\u2019initiative GreenCircle Certified, une entreprise tierce partie ind\u00e9pendante qui fait la v\u00e9rification de toutes nos all\u00e9gations et nos \u00e9tablissements, parce que nous croyons en la transparence et l\u2019int\u00e9grit\u00e9. GreenCircle Certified effectue des examens approfondis de nos \u00e9tablissements et nos pratiques. Elle v\u00e9rifie notre installation de surveillance [&hellip;]\" \/>\n<meta property=\"og:url\" content=\"https:\/\/greenfieldmeat.com\/fr\/greencircle-certified\/\" \/>\n<meta property=\"og:site_name\" content=\"Greenfield Natural Meat Co.\u00ae\" \/>\n<meta property=\"article:modified_time\" content=\"2023-04-13T14:07:12+00:00\" \/>\n<meta property=\"og:image\" content=\"https:\/\/greenfieldmeat.com\/wp-content\/uploads\/2020\/10\/slider-background-min.png\" \/>\n<meta name=\"twitter:card\" content=\"summary_large_image\" \/>\n<meta name=\"twitter:label1\" content=\"Dur\u00e9e de lecture estim\u00e9e\" \/>\n\t<meta name=\"twitter:data1\" content=\"2 minutes\" \/>\n<script type=\"application\/ld+json\" class=\"yoast-schema-graph\">{\"@context\":\"https:\/\/schema.org\",\"@graph\":[{\"@type\":\"WebPage\",\"@id\":\"https:\/\/greenfieldmeat.com\/fr\/greencircle-certified\/\",\"url\":\"https:\/\/greenfieldmeat.com\/fr\/greencircle-certified\/\",\"name\":\"V\u00c9RIFICATION PAR DES TIERS - Greenfield Natural Meat Co.\u00ae\",\"isPartOf\":{\"@id\":\"https:\/\/greenfieldmeat.com\/fr\/#website\"},\"datePublished\":\"2020-11-03T18:24:33+00:00\",\"dateModified\":\"2023-04-13T14:07:12+00:00\",\"breadcrumb\":{\"@id\":\"https:\/\/greenfieldmeat.com\/fr\/greencircle-certified\/#breadcrumb\"},\"inLanguage\":\"fr-FR\",\"potentialAction\":[{\"@type\":\"ReadAction\",\"target\":[\"https:\/\/greenfieldmeat.com\/fr\/greencircle-certified\/\"]}]},{\"@type\":\"BreadcrumbList\",\"@id\":\"https:\/\/greenfieldmeat.com\/fr\/greencircle-certified\/#breadcrumb\",\"itemListElement\":[{\"@type\":\"ListItem\",\"position\":1,\"name\":\"Home\",\"item\":\"https:\/\/greenfieldmeat.com\/fr\/\"},{\"@type\":\"ListItem\",\"position\":2,\"name\":\"V\u00c9RIFICATION PAR DES TIERS\"}]},{\"@type\":\"WebSite\",\"@id\":\"https:\/\/greenfieldmeat.com\/fr\/#website\",\"url\":\"https:\/\/greenfieldmeat.com\/fr\/\",\"name\":\"Greenfield Natural Meat Co.\u00ae\",\"description\":\"\",\"publisher\":{\"@id\":\"https:\/\/greenfieldmeat.com\/fr\/#organization\"},\"potentialAction\":[{\"@type\":\"SearchAction\",\"target\":{\"@type\":\"EntryPoint\",\"urlTemplate\":\"https:\/\/greenfieldmeat.com\/fr\/?s={search_term_string}\"},\"query-input\":\"required name=search_term_string\"}],\"inLanguage\":\"fr-FR\"},{\"@type\":\"Organization\",\"@id\":\"https:\/\/greenfieldmeat.com\/fr\/#organization\",\"name\":\"Greenfield Natural Meat Co.\u00ae\",\"url\":\"https:\/\/greenfieldmeat.com\/fr\/\",\"logo\":{\"@type\":\"ImageObject\",\"inLanguage\":\"fr-FR\",\"@id\":\"https:\/\/greenfieldmeat.com\/fr\/#\/schema\/logo\/image\/\",\"url\":\"https:\/\/greenfieldmeat.com\/fr\/wp-content\/uploads\/sites\/2\/2020\/11\/CA_Greenfield-Logo_2clr_CAN.svg\",\"contentUrl\":\"https:\/\/greenfieldmeat.com\/fr\/wp-content\/uploads\/sites\/2\/2020\/11\/CA_Greenfield-Logo_2clr_CAN.svg\",\"width\":173,\"height\":58,\"caption\":\"Greenfield Natural Meat Co.\u00ae\"},\"image\":{\"@id\":\"https:\/\/greenfieldmeat.com\/fr\/#\/schema\/logo\/image\/\"}}]}<\/script>\n<!-- \/ Yoast SEO plugin. -->","yoast_head_json":{"title":"V\u00c9RIFICATION PAR DES TIERS - Greenfield Natural Meat Co.\u00ae","robots":{"index":"index","follow":"follow","max-snippet":"max-snippet:-1","max-image-preview":"max-image-preview:large","max-video-preview":"max-video-preview:-1"},"canonical":"https:\/\/greenfieldmeat.com\/fr\/greencircle-certified\/","og_locale":"fr_FR","og_type":"article","og_title":"V\u00c9RIFICATION PAR DES TIERS - Greenfield Natural Meat Co.\u00ae","og_description":"Greenfield Natural Meat Co.\u00ae a choisi de travailler avec l\u2019initiative GreenCircle Certified, une entreprise tierce partie ind\u00e9pendante qui fait la v\u00e9rification de toutes nos all\u00e9gations et nos \u00e9tablissements, parce que nous croyons en la transparence et l\u2019int\u00e9grit\u00e9. GreenCircle Certified effectue des examens approfondis de nos \u00e9tablissements et nos pratiques. Elle v\u00e9rifie notre installation de surveillance [&hellip;]","og_url":"https:\/\/greenfieldmeat.com\/fr\/greencircle-certified\/","og_site_name":"Greenfield Natural Meat Co.\u00ae","article_modified_time":"2023-04-13T14:07:12+00:00","og_image":[{"url":"https:\/\/greenfieldmeat.com\/wp-content\/uploads\/2020\/10\/slider-background-min.png"}],"twitter_card":"summary_large_image","twitter_misc":{"Dur\u00e9e de lecture estim\u00e9e":"2 minutes"},"schema":{"@context":"https:\/\/schema.org","@graph":[{"@type":"WebPage","@id":"https:\/\/greenfieldmeat.com\/fr\/greencircle-certified\/","url":"https:\/\/greenfieldmeat.com\/fr\/greencircle-certified\/","name":"V\u00c9RIFICATION PAR DES TIERS - Greenfield Natural Meat Co.\u00ae","isPartOf":{"@id":"https:\/\/greenfieldmeat.com\/fr\/#website"},"datePublished":"2020-11-03T18:24:33+00:00","dateModified":"2023-04-13T14:07:12+00:00","breadcrumb":{"@id":"https:\/\/greenfieldmeat.com\/fr\/greencircle-certified\/#breadcrumb"},"inLanguage":"fr-FR","potentialAction":[{"@type":"ReadAction","target":["https:\/\/greenfieldmeat.com\/fr\/greencircle-certified\/"]}]},{"@type":"BreadcrumbList","@id":"https:\/\/greenfieldmeat.com\/fr\/greencircle-certified\/#breadcrumb","itemListElement":[{"@type":"ListItem","position":1,"name":"Home","item":"https:\/\/greenfieldmeat.com\/fr\/"},{"@type":"ListItem","position":2,"name":"V\u00c9RIFICATION PAR DES TIERS"}]},{"@type":"WebSite","@id":"https:\/\/greenfieldmeat.com\/fr\/#website","url":"https:\/\/greenfieldmeat.com\/fr\/","name":"Greenfield Natural Meat Co.\u00ae","description":"","publisher":{"@id":"https:\/\/greenfieldmeat.com\/fr\/#organization"},"potentialAction":[{"@type":"SearchAction","target":{"@type":"EntryPoint","urlTemplate":"https:\/\/greenfieldmeat.com\/fr\/?s={search_term_string}"},"query-input":"required name=search_term_string"}],"inLanguage":"fr-FR"},{"@type":"Organization","@id":"https:\/\/greenfieldmeat.com\/fr\/#organization","name":"Greenfield Natural Meat Co.\u00ae","url":"https:\/\/greenfieldmeat.com\/fr\/","logo":{"@type":"ImageObject","inLanguage":"fr-FR","@id":"https:\/\/greenfieldmeat.com\/fr\/#\/schema\/logo\/image\/","url":"https:\/\/greenfieldmeat.com\/fr\/wp-content\/uploads\/sites\/2\/2020\/11\/CA_Greenfield-Logo_2clr_CAN.svg","contentUrl":"https:\/\/greenfieldmeat.com\/fr\/wp-content\/uploads\/sites\/2\/2020\/11\/CA_Greenfield-Logo_2clr_CAN.svg","width":173,"height":58,"caption":"Greenfield Natural Meat Co.\u00ae"},"image":{"@id":"https:\/\/greenfieldmeat.com\/fr\/#\/schema\/logo\/image\/"}}]}},"jetpack_sharing_enabled":true,"_links":{"self":[{"href":"https:\/\/greenfieldmeat.com\/fr\/wp-json\/wp\/v2\/pages\/445"}],"collection":[{"href":"https:\/\/greenfieldmeat.com\/fr\/wp-json\/wp\/v2\/pages"}],"about":[{"href":"https:\/\/greenfieldmeat.com\/fr\/wp-json\/wp\/v2\/types\/page"}],"author":[{"embeddable":true,"href":"https:\/\/greenfieldmeat.com\/fr\/wp-json\/wp\/v2\/users\/5"}],"replies":[{"embeddable":true,"href":"https:\/\/greenfieldmeat.com\/fr\/wp-json\/wp\/v2\/comments?post=445"}],"version-history":[{"count":40,"href":"https:\/\/greenfieldmeat.com\/fr\/wp-json\/wp\/v2\/pages\/445\/revisions"}],"predecessor-version":[{"id":1547,"href":"https:\/\/greenfieldmeat.com\/fr\/wp-json\/wp\/v2\/pages\/445\/revisions\/1547"}],"wp:attachment":[{"href":"https:\/\/greenfieldmeat.com\/fr\/wp-json\/wp\/v2\/media?parent=445"}],"curies":[{"name":"wp","href":"https:\/\/api.w.org\/{rel}","templated":true}]}}