{"id":435,"date":"2020-11-03T18:16:37","date_gmt":"2020-11-03T18:16:37","guid":{"rendered":"https:\/\/staging.trewknowledge.com\/greenfieldmeat\/?page_id=435"},"modified":"2023-04-13T14:01:53","modified_gmt":"2023-04-13T14:01:53","slug":"never-ever-antibiotics","status":"publish","type":"page","link":"https:\/\/greenfieldmeat.com\/fr\/never-ever-antibiotics\/","title":{"rendered":"TOUJOURS SANS ANTIBIOTIQUES"},"content":{"rendered":"\n<div class=\"wp-block-cover alignfull\" style=\"min-height:278px;aspect-ratio:unset;\"><span aria-hidden=\"true\" class=\"wp-block-cover__gradient-background has-background-dim\"><\/span><img decoding=\"async\" width=\"1200\" height=\"780\" class=\"wp-block-cover__image-background wp-image-120\" alt=\"\" src=\"https:\/\/greenfieldmeat.com\/wp-content\/uploads\/2020\/10\/slider-background-min.png\" data-object-fit=\"cover\" srcset=\"https:\/\/greenfieldmeat.com\/fr\/wp-content\/uploads\/sites\/2\/2020\/10\/slider-background-min.png 1200w, https:\/\/greenfieldmeat.com\/fr\/wp-content\/uploads\/sites\/2\/2020\/10\/slider-background-min-300x195.png 300w, https:\/\/greenfieldmeat.com\/fr\/wp-content\/uploads\/sites\/2\/2020\/10\/slider-background-min-1024x666.png 1024w, https:\/\/greenfieldmeat.com\/fr\/wp-content\/uploads\/sites\/2\/2020\/10\/slider-background-min-768x499.png 768w\" sizes=\"(max-width: 1200px) 100vw, 1200px\" \/><div class=\"wp-block-cover__inner-container is-layout-flow wp-block-cover-is-layout-flow\">\n<h1 class=\"has-text-align-center has-white-color has-text-color wp-block-heading\">toujours sans antibiotiques<\/h1>\n<\/div><\/div>\n\n\n\n<div class=\"wp-block-group\"><div class=\"wp-block-group__inner-container is-layout-flow wp-block-group-is-layout-flow\"><\/div><\/div>\n\n\n\n<p class=\"has-text-align-center\" style=\"font-size:25px\"><strong>Chez Greenfield Natural Meat Co.\u00ae, nos produits sont faits de viande provenant d\u2019animaux toujours \u00e9lev\u00e9s sans antibiotiques! Nos producteurs se conforment \u00e0 des normes de soins qui leur permettent d\u2019\u00e9lever des animaux en sant\u00e9 sans avoir recours \u00e0 l\u2019utilisation syst\u00e9matique d\u2019antibiotiques.<\/strong><\/p>\n\n\n\n<div style=\"height:54px\" aria-hidden=\"true\" class=\"wp-block-spacer\"><\/div>\n\n\n\n<p><\/p>\n\n\n\n<div class=\"wp-block-columns alignwide are-vertically-aligned-center is-style-divider has-background is-layout-flex wp-container-core-columns-is-layout-1 wp-block-columns-is-layout-flex\" style=\"background-color:#254633\">\n<div class=\"wp-block-column is-vertically-aligned-center is-layout-flow wp-block-column-is-layout-flow\" style=\"flex-basis:33.33%\">\n<p class=\"has-text-align-center has-white-color has-text-color\" style=\"font-size:30px\"><strong><strong><strong>POURQUOI EST-IL SI IMPORTANT D\u2019\u00c9LEVER LES ANIMAUX SANS ANTIBIOTIQUES?<\/strong><\/strong><\/strong><\/p>\n<\/div>\n\n\n\n<div class=\"wp-block-column is-layout-flow wp-block-column-is-layout-flow\" style=\"flex-basis:66.66%\">\n<p class=\"has-white-color has-text-color\"><mark style=\"background-color:rgba(0, 0, 0, 0)\" class=\"has-inline-color has-white-color\">Le soutien de l\u2019\u00e9levage sans antibiotiques est non seulement meilleur pour vous, il est avantageux pour tous. Plus de 80 % des antibiotiques sont utilis\u00e9s dans l\u2019\u00e9levage des animaux. Mondialement, la surutilisation d\u2019antibiotiques provoque de graves probl\u00e8mes pour la sant\u00e9 des humains parce que les bact\u00e9ries y deviennent de plus en plus r\u00e9sistantes. Le fait de limiter l&rsquo;utilisation d&rsquo;antibiotiques chez les animaux est un moyen important d\u2019en r\u00e9duire l\u2019utilisation et de prot\u00e9ger leur efficacit\u00e9 dans le traitement des maladies des \u00eatres humains.<\/mark><\/p>\n<\/div>\n<\/div>\n\n\n\n<div class=\"wp-block-columns alignwide is-style-divider has-background is-layout-flex wp-container-core-columns-is-layout-2 wp-block-columns-is-layout-flex\" style=\"background-color:#254633\">\n<div class=\"wp-block-column is-vertically-aligned-center is-layout-flow wp-block-column-is-layout-flow\" style=\"flex-basis:33.33%\">\n<p class=\"has-text-align-center has-white-color has-text-color\" style=\"font-size:30px\"><strong><strong><strong><strong>QU\u2019EST-CE QUE LA R\u00c9SISTANCE AUX ANTIBIOTIQUES?<\/strong><\/strong><\/strong><\/strong><\/p>\n<\/div>\n\n\n\n<div class=\"wp-block-column is-layout-flow wp-block-column-is-layout-flow\" style=\"flex-basis:66.66%\">\n<p class=\"has-white-color has-text-color\">Les bact\u00e9ries peuvent devenir r\u00e9sistantes \u00e0 certains antibiotiques avec le temps et survivre apr\u00e8s leur exposition \u00e0 un antibiotique particulier qui devrait normalement les tuer.<\/p>\n<\/div>\n<\/div>\n\n\n\n<div class=\"wp-block-columns alignwide is-style-divider has-background is-layout-flex wp-container-core-columns-is-layout-3 wp-block-columns-is-layout-flex\" style=\"background-color:#254633\">\n<div class=\"wp-block-column is-vertically-aligned-center is-layout-flow wp-block-column-is-layout-flow\" style=\"flex-basis:33.33%\">\n<p class=\"has-text-align-center has-white-color has-text-color\" style=\"font-size:30px\"><strong><strong><strong><strong>QU\u2019ARRIVE-T-IL SI ANIMAL EST MALADE?<\/strong><\/strong><\/strong><\/strong><\/p>\n<\/div>\n\n\n\n<div class=\"wp-block-column is-layout-flow wp-block-column-is-layout-flow\" style=\"flex-basis:66.66%\">\n<p class=\"has-white-color has-text-color\">En d\u00e9pit de toutes les mesures en place afin de pr\u00e9venir les maladies chez nos animaux, il peut quand m\u00eame arriver qu\u2019un animal tombe malade. Si cela se produit, nous collaborons avec nos v\u00e9t\u00e9rinaires afin d\u2019envisager toutes les options de traitement afin de prot\u00e9ger la sant\u00e9 et le bien\u2011\u00eatre de l\u2019animal. S\u2019il est n\u00e9cessaire d\u2019administrer des antibiotiques, nous traitons l\u2019animal et le retirons du programme de Greenfield Natural Meat Co.<sup>\u00ae<\/sup>. Il ne fera pas partie de nos produits Greenfield Natural Meat Co.<sup>\u00ae<\/sup>.<\/p>\n<\/div>\n<\/div>\n\n\n\n<div class=\"wp-block-columns alignwide is-style-divider has-background is-layout-flex wp-container-core-columns-is-layout-4 wp-block-columns-is-layout-flex\" style=\"background-color:#254633\">\n<div class=\"wp-block-column is-vertically-aligned-center is-layout-flow wp-block-column-is-layout-flow\" style=\"flex-basis:33.33%\">\n<p class=\"has-text-align-center has-white-color has-text-color\" style=\"font-size:30px\"><strong><strong><strong><strong>Y A-T-IL DES ANTIBIOTIQUES DANS D\u2019AUTRES VIANDES SUR LE MARCH\u00c9 CANADIEN?<\/strong><\/strong><\/strong><\/strong><\/p>\n<\/div>\n\n\n\n<div class=\"wp-block-column is-layout-flow wp-block-column-is-layout-flow\" style=\"flex-basis:66.66%\">\n<p class=\"has-white-color has-text-color\">Lorsqu&rsquo;un animal re\u00e7oit des antibiotiques ou d&rsquo;autres m\u00e9dicaments, un laps de temps d\u00e9fini doit s&rsquo;\u00e9couler avant que cet animal puisse \u00eatre introduit dans le syst\u00e8me alimentaire. Ces d\u00e9lais sont soigneusement d\u00e9termin\u00e9s afin de prot\u00e9ger les consommateurs contre le risque de r\u00e9sidus de m\u00e9dicaments dans la viande, d&rsquo;autant plus qu&rsquo;ils sont \u00e9galement contr\u00f4l\u00e9s par les inspecteurs des aliments au moyen de programmes de surveillance. En outre, les v\u00e9t\u00e9rinaires ou les agriculteurs qui administrent les antibiotiques doivent toujours conserver des dossiers confirmant quand ils ont \u00e9t\u00e9 administr\u00e9s \u00e0 l&rsquo;animal. Tout animal qui a \u00e9t\u00e9 soign\u00e9 au moyen d&rsquo;antibiotiques \u00e0 un moment quelconque de sa vie ne peut \u00eatre all\u00e9gu\u00e9 comme \u00e9tant \u00ab \u00e9lev\u00e9 sans antibiotiques \u00bb.<\/p>\n<\/div>\n<\/div>\n","protected":false},"excerpt":{"rendered":"<p>Chez Greenfield Natural Meat Co.\u00ae, nos produits sont faits de viande provenant d\u2019animaux toujours \u00e9lev\u00e9s sans antibiotiques! Nos producteurs se conforment \u00e0 des normes de soins qui leur permettent d\u2019\u00e9lever des animaux en sant\u00e9 sans avoir recours \u00e0 l\u2019utilisation syst\u00e9matique d\u2019antibiotiques. POURQUOI EST-IL SI IMPORTANT D\u2019\u00c9LEVER LES ANIMAUX SANS ANTIBIOTIQUES? Le soutien de l\u2019\u00e9levage sans [&hellip;]<\/p>\n","protected":false},"author":5,"featured_media":0,"parent":0,"menu_order":0,"comment_status":"closed","ping_status":"closed","template":"","meta":{"footnotes":""},"class_list":["post-435","page","type-page","status-publish","hentry"],"acf":[],"yoast_head":"<!-- This site is optimized with the Yoast SEO plugin v21.7 - https:\/\/yoast.com\/wordpress\/plugins\/seo\/ -->\n<title>TOUJOURS SANS ANTIBIOTIQUES - Greenfield Natural Meat Co.\u00ae<\/title>\n<meta name=\"robots\" content=\"index, follow, max-snippet:-1, max-image-preview:large, max-video-preview:-1\" \/>\n<link rel=\"canonical\" href=\"https:\/\/greenfieldmeat.com\/fr\/never-ever-antibiotics\/\" \/>\n<meta property=\"og:locale\" content=\"fr_FR\" \/>\n<meta property=\"og:type\" content=\"article\" \/>\n<meta property=\"og:title\" content=\"TOUJOURS SANS ANTIBIOTIQUES - Greenfield Natural Meat Co.\u00ae\" \/>\n<meta property=\"og:description\" content=\"Chez Greenfield Natural Meat Co.\u00ae, nos produits sont faits de viande provenant d\u2019animaux toujours \u00e9lev\u00e9s sans antibiotiques! Nos producteurs se conforment \u00e0 des normes de soins qui leur permettent d\u2019\u00e9lever des animaux en sant\u00e9 sans avoir recours \u00e0 l\u2019utilisation syst\u00e9matique d\u2019antibiotiques. POURQUOI EST-IL SI IMPORTANT D\u2019\u00c9LEVER LES ANIMAUX SANS ANTIBIOTIQUES? Le soutien de l\u2019\u00e9levage sans [&hellip;]\" \/>\n<meta property=\"og:url\" content=\"https:\/\/greenfieldmeat.com\/fr\/never-ever-antibiotics\/\" \/>\n<meta property=\"og:site_name\" content=\"Greenfield Natural Meat Co.\u00ae\" \/>\n<meta property=\"article:modified_time\" content=\"2023-04-13T14:01:53+00:00\" \/>\n<meta property=\"og:image\" content=\"https:\/\/greenfieldmeat.com\/wp-content\/uploads\/2020\/10\/slider-background-min.png\" \/>\n<meta name=\"twitter:card\" content=\"summary_large_image\" \/>\n<meta name=\"twitter:label1\" content=\"Dur\u00e9e de lecture estim\u00e9e\" \/>\n\t<meta name=\"twitter:data1\" content=\"3 minutes\" \/>\n<script type=\"application\/ld+json\" class=\"yoast-schema-graph\">{\"@context\":\"https:\/\/schema.org\",\"@graph\":[{\"@type\":\"WebPage\",\"@id\":\"https:\/\/greenfieldmeat.com\/fr\/never-ever-antibiotics\/\",\"url\":\"https:\/\/greenfieldmeat.com\/fr\/never-ever-antibiotics\/\",\"name\":\"TOUJOURS SANS ANTIBIOTIQUES - Greenfield Natural Meat Co.\u00ae\",\"isPartOf\":{\"@id\":\"https:\/\/greenfieldmeat.com\/fr\/#website\"},\"datePublished\":\"2020-11-03T18:16:37+00:00\",\"dateModified\":\"2023-04-13T14:01:53+00:00\",\"breadcrumb\":{\"@id\":\"https:\/\/greenfieldmeat.com\/fr\/never-ever-antibiotics\/#breadcrumb\"},\"inLanguage\":\"fr-FR\",\"potentialAction\":[{\"@type\":\"ReadAction\",\"target\":[\"https:\/\/greenfieldmeat.com\/fr\/never-ever-antibiotics\/\"]}]},{\"@type\":\"BreadcrumbList\",\"@id\":\"https:\/\/greenfieldmeat.com\/fr\/never-ever-antibiotics\/#breadcrumb\",\"itemListElement\":[{\"@type\":\"ListItem\",\"position\":1,\"name\":\"Home\",\"item\":\"https:\/\/greenfieldmeat.com\/fr\/\"},{\"@type\":\"ListItem\",\"position\":2,\"name\":\"TOUJOURS SANS ANTIBIOTIQUES\"}]},{\"@type\":\"WebSite\",\"@id\":\"https:\/\/greenfieldmeat.com\/fr\/#website\",\"url\":\"https:\/\/greenfieldmeat.com\/fr\/\",\"name\":\"Greenfield Natural Meat Co.\u00ae\",\"description\":\"\",\"publisher\":{\"@id\":\"https:\/\/greenfieldmeat.com\/fr\/#organization\"},\"potentialAction\":[{\"@type\":\"SearchAction\",\"target\":{\"@type\":\"EntryPoint\",\"urlTemplate\":\"https:\/\/greenfieldmeat.com\/fr\/?s={search_term_string}\"},\"query-input\":\"required name=search_term_string\"}],\"inLanguage\":\"fr-FR\"},{\"@type\":\"Organization\",\"@id\":\"https:\/\/greenfieldmeat.com\/fr\/#organization\",\"name\":\"Greenfield Natural Meat Co.\u00ae\",\"url\":\"https:\/\/greenfieldmeat.com\/fr\/\",\"logo\":{\"@type\":\"ImageObject\",\"inLanguage\":\"fr-FR\",\"@id\":\"https:\/\/greenfieldmeat.com\/fr\/#\/schema\/logo\/image\/\",\"url\":\"https:\/\/greenfieldmeat.com\/fr\/wp-content\/uploads\/sites\/2\/2020\/11\/CA_Greenfield-Logo_2clr_CAN.svg\",\"contentUrl\":\"https:\/\/greenfieldmeat.com\/fr\/wp-content\/uploads\/sites\/2\/2020\/11\/CA_Greenfield-Logo_2clr_CAN.svg\",\"width\":173,\"height\":58,\"caption\":\"Greenfield Natural Meat Co.\u00ae\"},\"image\":{\"@id\":\"https:\/\/greenfieldmeat.com\/fr\/#\/schema\/logo\/image\/\"}}]}<\/script>\n<!-- \/ Yoast SEO plugin. -->","yoast_head_json":{"title":"TOUJOURS SANS ANTIBIOTIQUES - Greenfield Natural Meat Co.\u00ae","robots":{"index":"index","follow":"follow","max-snippet":"max-snippet:-1","max-image-preview":"max-image-preview:large","max-video-preview":"max-video-preview:-1"},"canonical":"https:\/\/greenfieldmeat.com\/fr\/never-ever-antibiotics\/","og_locale":"fr_FR","og_type":"article","og_title":"TOUJOURS SANS ANTIBIOTIQUES - Greenfield Natural Meat Co.\u00ae","og_description":"Chez Greenfield Natural Meat Co.\u00ae, nos produits sont faits de viande provenant d\u2019animaux toujours \u00e9lev\u00e9s sans antibiotiques! Nos producteurs se conforment \u00e0 des normes de soins qui leur permettent d\u2019\u00e9lever des animaux en sant\u00e9 sans avoir recours \u00e0 l\u2019utilisation syst\u00e9matique d\u2019antibiotiques. POURQUOI EST-IL SI IMPORTANT D\u2019\u00c9LEVER LES ANIMAUX SANS ANTIBIOTIQUES? Le soutien de l\u2019\u00e9levage sans [&hellip;]","og_url":"https:\/\/greenfieldmeat.com\/fr\/never-ever-antibiotics\/","og_site_name":"Greenfield Natural Meat Co.\u00ae","article_modified_time":"2023-04-13T14:01:53+00:00","og_image":[{"url":"https:\/\/greenfieldmeat.com\/wp-content\/uploads\/2020\/10\/slider-background-min.png"}],"twitter_card":"summary_large_image","twitter_misc":{"Dur\u00e9e de lecture estim\u00e9e":"3 minutes"},"schema":{"@context":"https:\/\/schema.org","@graph":[{"@type":"WebPage","@id":"https:\/\/greenfieldmeat.com\/fr\/never-ever-antibiotics\/","url":"https:\/\/greenfieldmeat.com\/fr\/never-ever-antibiotics\/","name":"TOUJOURS SANS ANTIBIOTIQUES - Greenfield Natural Meat Co.\u00ae","isPartOf":{"@id":"https:\/\/greenfieldmeat.com\/fr\/#website"},"datePublished":"2020-11-03T18:16:37+00:00","dateModified":"2023-04-13T14:01:53+00:00","breadcrumb":{"@id":"https:\/\/greenfieldmeat.com\/fr\/never-ever-antibiotics\/#breadcrumb"},"inLanguage":"fr-FR","potentialAction":[{"@type":"ReadAction","target":["https:\/\/greenfieldmeat.com\/fr\/never-ever-antibiotics\/"]}]},{"@type":"BreadcrumbList","@id":"https:\/\/greenfieldmeat.com\/fr\/never-ever-antibiotics\/#breadcrumb","itemListElement":[{"@type":"ListItem","position":1,"name":"Home","item":"https:\/\/greenfieldmeat.com\/fr\/"},{"@type":"ListItem","position":2,"name":"TOUJOURS SANS ANTIBIOTIQUES"}]},{"@type":"WebSite","@id":"https:\/\/greenfieldmeat.com\/fr\/#website","url":"https:\/\/greenfieldmeat.com\/fr\/","name":"Greenfield Natural Meat Co.\u00ae","description":"","publisher":{"@id":"https:\/\/greenfieldmeat.com\/fr\/#organization"},"potentialAction":[{"@type":"SearchAction","target":{"@type":"EntryPoint","urlTemplate":"https:\/\/greenfieldmeat.com\/fr\/?s={search_term_string}"},"query-input":"required name=search_term_string"}],"inLanguage":"fr-FR"},{"@type":"Organization","@id":"https:\/\/greenfieldmeat.com\/fr\/#organization","name":"Greenfield Natural Meat Co.\u00ae","url":"https:\/\/greenfieldmeat.com\/fr\/","logo":{"@type":"ImageObject","inLanguage":"fr-FR","@id":"https:\/\/greenfieldmeat.com\/fr\/#\/schema\/logo\/image\/","url":"https:\/\/greenfieldmeat.com\/fr\/wp-content\/uploads\/sites\/2\/2020\/11\/CA_Greenfield-Logo_2clr_CAN.svg","contentUrl":"https:\/\/greenfieldmeat.com\/fr\/wp-content\/uploads\/sites\/2\/2020\/11\/CA_Greenfield-Logo_2clr_CAN.svg","width":173,"height":58,"caption":"Greenfield Natural Meat Co.\u00ae"},"image":{"@id":"https:\/\/greenfieldmeat.com\/fr\/#\/schema\/logo\/image\/"}}]}},"jetpack_sharing_enabled":true,"_links":{"self":[{"href":"https:\/\/greenfieldmeat.com\/fr\/wp-json\/wp\/v2\/pages\/435"}],"collection":[{"href":"https:\/\/greenfieldmeat.com\/fr\/wp-json\/wp\/v2\/pages"}],"about":[{"href":"https:\/\/greenfieldmeat.com\/fr\/wp-json\/wp\/v2\/types\/page"}],"author":[{"embeddable":true,"href":"https:\/\/greenfieldmeat.com\/fr\/wp-json\/wp\/v2\/users\/5"}],"replies":[{"embeddable":true,"href":"https:\/\/greenfieldmeat.com\/fr\/wp-json\/wp\/v2\/comments?post=435"}],"version-history":[{"count":37,"href":"https:\/\/greenfieldmeat.com\/fr\/wp-json\/wp\/v2\/pages\/435\/revisions"}],"predecessor-version":[{"id":1542,"href":"https:\/\/greenfieldmeat.com\/fr\/wp-json\/wp\/v2\/pages\/435\/revisions\/1542"}],"wp:attachment":[{"href":"https:\/\/greenfieldmeat.com\/fr\/wp-json\/wp\/v2\/media?parent=435"}],"curies":[{"name":"wp","href":"https:\/\/api.w.org\/{rel}","templated":true}]}}